{"id":3748,"date":"2021-06-24T15:49:46","date_gmt":"2021-06-24T13:49:46","guid":{"rendered":"https:\/\/vitamic.life\/shop-2\/einkaufswagen\/"},"modified":"2025-12-29T17:46:28","modified_gmt":"2025-12-29T16:46:28","slug":"einkaufswagen","status":"publish","type":"page","link":"https:\/\/vitamic.com\/de\/shop\/einkaufswagen\/","title":{"rendered":"Warenkorb"},"content":{"rendered":"\t\t<div data-elementor-type=\"wp-page\" data-elementor-id=\"3748\" class=\"elementor elementor-3748 elementor-32\" data-elementor-post-type=\"page\">\n\t\t\t\t\t\t<section class=\"elementor-section elementor-top-section elementor-element elementor-element-7d26dc7 elementor-section-boxed elementor-section-height-default elementor-section-height-default\" data-id=\"7d26dc7\" data-element_type=\"section\" data-e-type=\"section\">\n\t\t\t\t\t\t<div class=\"elementor-container elementor-column-gap-default\">\n\t\t\t\t\t<div class=\"elementor-column elementor-col-100 elementor-top-column elementor-element elementor-element-10937d2\" data-id=\"10937d2\" data-element_type=\"column\" data-e-type=\"column\">\n\t\t\t<div class=\"elementor-widget-wrap elementor-element-populated\">\n\t\t\t\t\t\t\t<\/div>\n\t\t<\/div>\n\t\t\t\t\t<\/div>\n\t\t<\/section>\n\t\t\t\t<\/div>\n\t\t","protected":false},"excerpt":{"rendered":"<p>Remove item Thumbnail image Product Price Quantity Subtotal &times; VITAMIC BIOSEN\u00ae 79,00&euro; VITAMIC BIOSEN\u00ae&nbsp; quantity 395,00&euro; &times; VITAMIC ZEROLIMITS\u00ae 89,00&euro; VITAMIC ZEROLIMITS\u00ae&nbsp; quantity 89,00&euro; Warenkorb aktualisieren Coupon anwenden Warenkorb Summen Subtotal 484,00&euro; Shipping GLS &#8211; Express19:00 (24 Horas) Shipping to Casanova 55C, Local 4, 03710 Calpe, Alicante. Change address Country \/ region Select a country [&hellip;]<\/p>\n","protected":false},"author":9,"featured_media":0,"parent":17891,"menu_order":6,"comment_status":"closed","ping_status":"closed","template":"","meta":{"footnotes":""},"class_list":["post-3748","page","type-page","status-publish","hentry"],"yoast_head":"<!-- This site is optimized with the Yoast SEO plugin v26.9 - https:\/\/yoast.com\/product\/yoast-seo-wordpress\/ -->\n<title>Warenkorb - VITAMIC.com<\/title>\n<meta name=\"robots\" content=\"index, follow, max-snippet:-1, max-image-preview:large, max-video-preview:-1\" \/>\n<link rel=\"canonical\" href=\"https:\/\/vitamic.com\/de\/shop\/einkaufswagen\/\" \/>\n<meta property=\"og:locale\" content=\"de_DE\" \/>\n<meta property=\"og:type\" content=\"article\" \/>\n<meta property=\"og:title\" content=\"Warenkorb - VITAMIC.com\" \/>\n<meta property=\"og:description\" content=\"Remove item Thumbnail image Product Price Quantity Subtotal &times; VITAMIC BIOSEN\u00ae 79,00&euro; VITAMIC BIOSEN\u00ae&nbsp; quantity 395,00&euro; &times; VITAMIC ZEROLIMITS\u00ae 89,00&euro; VITAMIC ZEROLIMITS\u00ae&nbsp; quantity 89,00&euro; Warenkorb aktualisieren Coupon anwenden Warenkorb Summen Subtotal 484,00&euro; Shipping GLS &#8211; Express19:00 (24 Horas) Shipping to Casanova 55C, Local 4, 03710 Calpe, Alicante. Change address Country \/ region Select a country [&hellip;]\" \/>\n<meta property=\"og:url\" content=\"https:\/\/vitamic.com\/de\/shop\/einkaufswagen\/\" \/>\n<meta property=\"og:site_name\" content=\"VITAMIC.com\" \/>\n<meta property=\"article:publisher\" content=\"https:\/\/www.facebook.com\/vitamicdrops\" \/>\n<meta property=\"article:modified_time\" content=\"2025-12-29T16:46:28+00:00\" \/>\n<meta property=\"og:image\" content=\"https:\/\/vitamic.com\/wp-content\/uploads\/2021\/07\/biosen_new_2025-800x800.webp\" \/>\n<meta name=\"twitter:card\" content=\"summary_large_image\" \/>\n<script type=\"application\/ld+json\" class=\"yoast-schema-graph\">{\"@context\":\"https:\/\/schema.org\",\"@graph\":[{\"@type\":\"WebPage\",\"@id\":\"https:\/\/vitamic.com\/de\/shop\/einkaufswagen\/\",\"url\":\"https:\/\/vitamic.com\/de\/shop\/einkaufswagen\/\",\"name\":\"Warenkorb - VITAMIC.com\",\"isPartOf\":{\"@id\":\"https:\/\/vitamic.com\/de\/#website\"},\"primaryImageOfPage\":{\"@id\":\"https:\/\/vitamic.com\/de\/shop\/einkaufswagen\/#primaryimage\"},\"image\":{\"@id\":\"https:\/\/vitamic.com\/de\/shop\/einkaufswagen\/#primaryimage\"},\"thumbnailUrl\":\"https:\/\/vitamic.com\/wp-content\/uploads\/2021\/07\/biosen_new_2025-800x800.webp\",\"datePublished\":\"2021-06-24T13:49:46+00:00\",\"dateModified\":\"2025-12-29T16:46:28+00:00\",\"breadcrumb\":{\"@id\":\"https:\/\/vitamic.com\/de\/shop\/einkaufswagen\/#breadcrumb\"},\"inLanguage\":\"de\",\"potentialAction\":[{\"@type\":\"ReadAction\",\"target\":[\"https:\/\/vitamic.com\/de\/shop\/einkaufswagen\/\"]}]},{\"@type\":\"ImageObject\",\"inLanguage\":\"de\",\"@id\":\"https:\/\/vitamic.com\/de\/shop\/einkaufswagen\/#primaryimage\",\"url\":\"https:\/\/vitamic.com\/wp-content\/uploads\/2021\/07\/biosen_new_2025-800x800.webp\",\"contentUrl\":\"https:\/\/vitamic.com\/wp-content\/uploads\/2021\/07\/biosen_new_2025-800x800.webp\"},{\"@type\":\"BreadcrumbList\",\"@id\":\"https:\/\/vitamic.com\/de\/shop\/einkaufswagen\/#breadcrumb\",\"itemListElement\":[{\"@type\":\"ListItem\",\"position\":1,\"name\":\"Home\",\"item\":\"https:\/\/vitamic.com\/de\/startseite-2\/\"},{\"@type\":\"ListItem\",\"position\":2,\"name\":\"Shop\",\"item\":\"https:\/\/vitamic.com\/de\/shop\/\"},{\"@type\":\"ListItem\",\"position\":3,\"name\":\"Warenkorb\"}]},{\"@type\":\"WebSite\",\"@id\":\"https:\/\/vitamic.com\/de\/#website\",\"url\":\"https:\/\/vitamic.com\/de\/\",\"name\":\"VITAMIC.com\",\"description\":\"Onlineshop f\u00fcr nat\u00fcrliche Nahrungserg\u00e4nzungsmittel \",\"publisher\":{\"@id\":\"https:\/\/vitamic.com\/de\/#organization\"},\"potentialAction\":[{\"@type\":\"SearchAction\",\"target\":{\"@type\":\"EntryPoint\",\"urlTemplate\":\"https:\/\/vitamic.com\/de\/?s={search_term_string}\"},\"query-input\":{\"@type\":\"PropertyValueSpecification\",\"valueRequired\":true,\"valueName\":\"search_term_string\"}}],\"inLanguage\":\"de\"},{\"@type\":\"Organization\",\"@id\":\"https:\/\/vitamic.com\/de\/#organization\",\"name\":\"Vitamic Europa\",\"url\":\"https:\/\/vitamic.com\/de\/\",\"logo\":{\"@type\":\"ImageObject\",\"inLanguage\":\"de\",\"@id\":\"https:\/\/vitamic.com\/de\/#\/schema\/logo\/image\/\",\"url\":\"https:\/\/vitamic.com\/wp-content\/uploads\/2021\/02\/vitamic_weblogo.png\",\"contentUrl\":\"https:\/\/vitamic.com\/wp-content\/uploads\/2021\/02\/vitamic_weblogo.png\",\"width\":455,\"height\":72,\"caption\":\"Vitamic Europa\"},\"image\":{\"@id\":\"https:\/\/vitamic.com\/de\/#\/schema\/logo\/image\/\"},\"sameAs\":[\"https:\/\/www.facebook.com\/vitamicdrops\",\"https:\/\/www.instagram.com\/vitamicdrops\/\",\"https:\/\/www.linkedin.com\/company\/vitamic\/\"]}]}<\/script>\n<!-- \/ Yoast SEO plugin. -->","yoast_head_json":{"title":"Warenkorb - VITAMIC.com","robots":{"index":"index","follow":"follow","max-snippet":"max-snippet:-1","max-image-preview":"max-image-preview:large","max-video-preview":"max-video-preview:-1"},"canonical":"https:\/\/vitamic.com\/de\/shop\/einkaufswagen\/","og_locale":"de_DE","og_type":"article","og_title":"Warenkorb - VITAMIC.com","og_description":"Remove item Thumbnail image Product Price Quantity Subtotal &times; VITAMIC BIOSEN\u00ae 79,00&euro; VITAMIC BIOSEN\u00ae&nbsp; quantity 395,00&euro; &times; VITAMIC ZEROLIMITS\u00ae 89,00&euro; VITAMIC ZEROLIMITS\u00ae&nbsp; quantity 89,00&euro; Warenkorb aktualisieren Coupon anwenden Warenkorb Summen Subtotal 484,00&euro; Shipping GLS &#8211; Express19:00 (24 Horas) Shipping to Casanova 55C, Local 4, 03710 Calpe, Alicante. Change address Country \/ region Select a country [&hellip;]","og_url":"https:\/\/vitamic.com\/de\/shop\/einkaufswagen\/","og_site_name":"VITAMIC.com","article_publisher":"https:\/\/www.facebook.com\/vitamicdrops","article_modified_time":"2025-12-29T16:46:28+00:00","og_image":[{"url":"https:\/\/vitamic.com\/wp-content\/uploads\/2021\/07\/biosen_new_2025-800x800.webp","type":"","width":"","height":""}],"twitter_card":"summary_large_image","schema":{"@context":"https:\/\/schema.org","@graph":[{"@type":"WebPage","@id":"https:\/\/vitamic.com\/de\/shop\/einkaufswagen\/","url":"https:\/\/vitamic.com\/de\/shop\/einkaufswagen\/","name":"Warenkorb - VITAMIC.com","isPartOf":{"@id":"https:\/\/vitamic.com\/de\/#website"},"primaryImageOfPage":{"@id":"https:\/\/vitamic.com\/de\/shop\/einkaufswagen\/#primaryimage"},"image":{"@id":"https:\/\/vitamic.com\/de\/shop\/einkaufswagen\/#primaryimage"},"thumbnailUrl":"https:\/\/vitamic.com\/wp-content\/uploads\/2021\/07\/biosen_new_2025-800x800.webp","datePublished":"2021-06-24T13:49:46+00:00","dateModified":"2025-12-29T16:46:28+00:00","breadcrumb":{"@id":"https:\/\/vitamic.com\/de\/shop\/einkaufswagen\/#breadcrumb"},"inLanguage":"de","potentialAction":[{"@type":"ReadAction","target":["https:\/\/vitamic.com\/de\/shop\/einkaufswagen\/"]}]},{"@type":"ImageObject","inLanguage":"de","@id":"https:\/\/vitamic.com\/de\/shop\/einkaufswagen\/#primaryimage","url":"https:\/\/vitamic.com\/wp-content\/uploads\/2021\/07\/biosen_new_2025-800x800.webp","contentUrl":"https:\/\/vitamic.com\/wp-content\/uploads\/2021\/07\/biosen_new_2025-800x800.webp"},{"@type":"BreadcrumbList","@id":"https:\/\/vitamic.com\/de\/shop\/einkaufswagen\/#breadcrumb","itemListElement":[{"@type":"ListItem","position":1,"name":"Home","item":"https:\/\/vitamic.com\/de\/startseite-2\/"},{"@type":"ListItem","position":2,"name":"Shop","item":"https:\/\/vitamic.com\/de\/shop\/"},{"@type":"ListItem","position":3,"name":"Warenkorb"}]},{"@type":"WebSite","@id":"https:\/\/vitamic.com\/de\/#website","url":"https:\/\/vitamic.com\/de\/","name":"VITAMIC.com","description":"Onlineshop f\u00fcr nat\u00fcrliche Nahrungserg\u00e4nzungsmittel ","publisher":{"@id":"https:\/\/vitamic.com\/de\/#organization"},"potentialAction":[{"@type":"SearchAction","target":{"@type":"EntryPoint","urlTemplate":"https:\/\/vitamic.com\/de\/?s={search_term_string}"},"query-input":{"@type":"PropertyValueSpecification","valueRequired":true,"valueName":"search_term_string"}}],"inLanguage":"de"},{"@type":"Organization","@id":"https:\/\/vitamic.com\/de\/#organization","name":"Vitamic Europa","url":"https:\/\/vitamic.com\/de\/","logo":{"@type":"ImageObject","inLanguage":"de","@id":"https:\/\/vitamic.com\/de\/#\/schema\/logo\/image\/","url":"https:\/\/vitamic.com\/wp-content\/uploads\/2021\/02\/vitamic_weblogo.png","contentUrl":"https:\/\/vitamic.com\/wp-content\/uploads\/2021\/02\/vitamic_weblogo.png","width":455,"height":72,"caption":"Vitamic Europa"},"image":{"@id":"https:\/\/vitamic.com\/de\/#\/schema\/logo\/image\/"},"sameAs":["https:\/\/www.facebook.com\/vitamicdrops","https:\/\/www.instagram.com\/vitamicdrops\/","https:\/\/www.linkedin.com\/company\/vitamic\/"]}]}},"_links":{"self":[{"href":"https:\/\/vitamic.com\/de\/wp-json\/wp\/v2\/pages\/3748","targetHints":{"allow":["GET"]}}],"collection":[{"href":"https:\/\/vitamic.com\/de\/wp-json\/wp\/v2\/pages"}],"about":[{"href":"https:\/\/vitamic.com\/de\/wp-json\/wp\/v2\/types\/page"}],"author":[{"embeddable":true,"href":"https:\/\/vitamic.com\/de\/wp-json\/wp\/v2\/users\/9"}],"replies":[{"embeddable":true,"href":"https:\/\/vitamic.com\/de\/wp-json\/wp\/v2\/comments?post=3748"}],"version-history":[{"count":11,"href":"https:\/\/vitamic.com\/de\/wp-json\/wp\/v2\/pages\/3748\/revisions"}],"predecessor-version":[{"id":19583,"href":"https:\/\/vitamic.com\/de\/wp-json\/wp\/v2\/pages\/3748\/revisions\/19583"}],"up":[{"embeddable":true,"href":"https:\/\/vitamic.com\/de\/wp-json\/wp\/v2\/pages\/17891"}],"wp:attachment":[{"href":"https:\/\/vitamic.com\/de\/wp-json\/wp\/v2\/media?parent=3748"}],"curies":[{"name":"wp","href":"https:\/\/api.w.org\/{rel}","templated":true}]}}