{"id":3751,"date":"2021-06-24T16:00:48","date_gmt":"2021-06-24T14:00:48","guid":{"rendered":"https:\/\/vitamic.life\/allgemeine-bedingungen\/"},"modified":"2026-01-02T11:58:13","modified_gmt":"2026-01-02T10:58:13","slug":"allgemeine-bedingungen","status":"publish","type":"page","link":"https:\/\/vitamic.com\/de\/allgemeine-bedingungen\/","title":{"rendered":"Allgemeine Bedingungen"},"content":{"rendered":"\t\t<div data-elementor-type=\"wp-page\" data-elementor-id=\"3751\" class=\"elementor elementor-3751 elementor-1141\" data-elementor-post-type=\"page\">\n\t\t\t\t\t\t<section class=\"elementor-section elementor-top-section elementor-element elementor-element-bcfe68f elementor-section-boxed elementor-section-height-default elementor-section-height-default\" data-id=\"bcfe68f\" data-element_type=\"section\" data-e-type=\"section\">\n\t\t\t\t\t\t<div class=\"elementor-container elementor-column-gap-default\">\n\t\t\t\t\t<div class=\"elementor-column elementor-col-100 elementor-top-column elementor-element elementor-element-0e23ef9\" data-id=\"0e23ef9\" data-element_type=\"column\" data-e-type=\"column\">\n\t\t\t<div class=\"elementor-widget-wrap elementor-element-populated\">\n\t\t\t\t\t\t<div class=\"elementor-element elementor-element-06b8876 elementor-widget elementor-widget-heading\" data-id=\"06b8876\" data-element_type=\"widget\" data-e-type=\"widget\" data-widget_type=\"heading.default\">\n\t\t\t\t<div class=\"elementor-widget-container\">\n\t\t\t\t\t<h2 class=\"elementor-heading-title elementor-size-default\">Allgemeine Bedingungen<\/h2>\t\t\t\t<\/div>\n\t\t\t\t<\/div>\n\t\t\t\t\t<\/div>\n\t\t<\/div>\n\t\t\t\t\t<\/div>\n\t\t<\/section>\n\t\t\t\t<section class=\"elementor-section elementor-top-section elementor-element elementor-element-0e99a2f elementor-section-boxed elementor-section-height-default elementor-section-height-default\" data-id=\"0e99a2f\" data-element_type=\"section\" data-e-type=\"section\">\n\t\t\t\t\t\t<div class=\"elementor-container elementor-column-gap-wider\">\n\t\t\t\t\t<div class=\"elementor-column elementor-col-100 elementor-top-column elementor-element elementor-element-065e449\" data-id=\"065e449\" data-element_type=\"column\" data-e-type=\"column\">\n\t\t\t<div class=\"elementor-widget-wrap elementor-element-populated\">\n\t\t\t\t\t\t<div class=\"elementor-element elementor-element-750f0785 elementor-widget__width-initial elementor-widget elementor-widget-text-editor\" data-id=\"750f0785\" data-element_type=\"widget\" data-e-type=\"widget\" data-widget_type=\"text-editor.default\">\n\t\t\t\t<div class=\"elementor-widget-container\">\n\t\t\t\t\t\t\t\t\t<h5>ALLGEMEINE INFORMATIONEN<\/h5><p>Alle Eink\u00e4ufe bei <strong>Vitamic.com<\/strong> <em>(im Folgenden als Online-Shop bezeichnet)<\/em> unterliegen den in diesem Dokument dargelegten Verkaufsbedingungen. Der &#8222;Rechtliche Hinweis&#8220; verlangt vom Benutzer, dass er ihn sorgf\u00e4ltig liest. Unser Online-Shop ist von der Haftung bei Unkenntnis der Einkaufsbedingungen befreit. Die Inhalte und Informationen, die auf diesen Seiten erscheinen, dienen nur zu Informationszwecken und wurden aus bereits ver\u00f6ffentlichten Materialien entnommen; sie stellen keine Meinungen oder Ratschl\u00e4ge jeglicher Art dar.<\/p><p>Unser Online-Shop haftet nicht f\u00fcr die falsche Verwendung der auf seinen Seiten enthaltenen Informationen. Kein Teil dieser Seite darf ohne ausdr\u00fcckliche Genehmigung unseres Online-Shops in einem anderen Medium vervielf\u00e4ltigt werden.<\/p><p>Die vom Benutzer zur Verf\u00fcgung gestellten pers\u00f6nlichen Daten werden ausschlie\u00dflich zum Zweck der Zusendung der angeforderten Produkte verwendet. Unser Online-Shop verpflichtet sich, Ihre pers\u00f6nlichen Daten nicht an andere Unternehmen weiterzugeben.<\/p><h5>VERTRAGSBILDUNG<\/h5><p>Um eine Bestellung aufgeben zu k\u00f6nnen, ist es notwendig, dass sich der Benutzer vor oder w\u00e4hrend des Bestellvorgangs als Kunde registriert. Dazu wird er auf eine Seite weitergeleitet, auf der er frei und freiwillig die pers\u00f6nlichen Daten und Informationen angeben kann, die zur Er\u00f6ffnung eines Kontos erforderlich sind, wenn es sich um die erste Bestellung handelt, oder um sich zu identifizieren, wenn er bereits ein Konto hat.<br>Der Nutzer w\u00e4hlt einen Benutzernamen und ein Passwort und verpflichtet sich, dieses sorgf\u00e4ltig zu verwenden und Dritten nicht zug\u00e4nglich zu machen, sowie den Verlust oder Diebstahl desselben oder einen m\u00f6glichen Zugriff durch einen unbefugten Dritten dem Anbieter mitzuteilen, damit dieser die sofortige Sperrung veranlasst.<\/p><p>Nach dem Anlegen des Benutzerkontos wird berichtet, dass gem\u00e4\u00df den Anforderungen des Art. 27 des Gesetzes 34\/2002 \u00fcber Dienstleistungen der Informationsgesellschaft und des elektronischen Gesch\u00e4ftsverkehrs das Vertragsabschlussverfahren in folgenden Schritten erfolgt:<\/p><ul><li>W\u00e4hlen Sie die spezifischen Produkte f\u00fcr den Kauf<\/li><li>F\u00fcgen Sie sie dem virtuellen Warenkorb hinzu<\/li><li>Pr\u00fcfen Sie, ob die Produkte, die in den virtuellen Warenkorb gelegt wurden, die sind, die Sie wirklich wollen<\/li><li>Best\u00e4tigen Sie den Kauf<\/li><\/ul><p>Nach Abschluss des Vorgangs und innerhalb von 24 Stunden erhalten Sie eine E-Mail mit der Best\u00e4tigung Ihres Kaufs und den Einzelheiten der durchgef\u00fchrten Transaktion, in der alle Merkmale, der Preis, das Transportmittel, das Kaufdatum und die voraussichtliche Lieferung des Produkts angegeben sind.<\/p><p>Der Benutzer ist allein verantwortlich f\u00fcr die Wahl des Produkts, das Gegenstand des Verkaufs und Kaufs ist, sowie f\u00fcr die Verwendung oder Funktion, f\u00fcr die es bestimmt ist. Der Anbieter ist daher nicht daf\u00fcr verantwortlich und \u00fcbernimmt keine Gew\u00e4hr daf\u00fcr, dass das Produkt f\u00fcr die vom Nutzer beabsichtigten Anwendungen geeignet ist oder die vom Nutzer beim Kauf der Produkte ins Auge gefassten Ziele ganz oder teilweise erreicht.<\/p><h5>VERSAND UND LIEFERUNG<\/h5><p><span style=\"background-color: var(--white); color: var(--black); letter-spacing: var(--font-main-letterspacing);\">Die Lieferung von Bestellungen erfolgt an die vom Nutzer frei benannte Lieferadresse, Lieferungen von Montag bis Freitag, ausgenommen Feiertage.<\/span><\/p><h6>Kostenloser Versand:<\/h6><p>Wir bieten kostenlosen Versand f\u00fcr alle Bestellungen mit einem Gesamtwert von 150\u20ac oder mehr. Wenn deine Bestellung diesen Mindestbetrag erreicht, fallen f\u00fcr dich keine Versandkosten an.<\/p><h6>Berechneter Versand:<\/h6><p>F\u00fcr Bestellungen mit einem Gesamtwert unter 150\u20ac werden die Versandkosten in Echtzeit anhand der folgenden Faktoren berechnet:<\/p><ul><li><strong>Bestellgewicht:<\/strong> Das Gewicht der Artikel in deiner Bestellung wird bei der Berechnung der Versandkosten ber\u00fccksichtigt.<\/li><li><strong>Versandziel:<\/strong> Die beim Checkout angegebene Lieferadresse wird zur Berechnung der anfallenden Versandkosten verwendet.<\/li><li><strong>Versandart:<\/strong> Die gew\u00e4hlte Versandart und die damit verbundenen Kosten werden ber\u00fccksichtigt.<\/li><\/ul><h6>Transparenz:<\/h6><p>W\u00e4hrend des Bestellvorgangs werden dir die berechneten Versandkosten angezeigt, bevor du deine Bestellung abschlie\u00dft. Diese Kosten werden deutlich angezeigt, damit du sie \u00fcberpr\u00fcfen und akzeptieren kannst. Indem du mit der Bestellung fortf\u00e4hrst, erkl\u00e4rst du dich mit den angegebenen Versandkosten einverstanden.<\/p><h6>Versandanbieter:<\/h6><p>Wir arbeiten mit renommierten Versanddienstleistern zusammen, um eine p\u00fcnktliche und zuverl\u00e4ssige Lieferung deiner Bestellungen zu gew\u00e4hrleisten.<\/p><h6>Lieferfristen:<\/h6><p>Die Versanddauer kann je nach Zielort und gew\u00e4hlter Versandart variieren. Das voraussichtliche Lieferdatum wird w\u00e4hrend des Bestellvorgangs angegeben. Bitte beachte jedoch, dass diese Daten nur ungef\u00e4hre Angaben sind und nicht garantiert werden k\u00f6nnen. Wir werden unser Bestes geben, um sicherzustellen, dass deine Bestellung innerhalb des gesch\u00e4tzten Zeitrahmens geliefert wird.<\/p><h6>Internationaler Versand:<\/h6><p>Bei internationalen Bestellungen k\u00f6nnen zus\u00e4tzliche Z\u00f6lle, Steuern oder Geb\u00fchren anfallen. Diese Geb\u00fchren liegen in der Verantwortung des Empf\u00e4ngers und werden von den Zollbeh\u00f6rden des Ziellandes erhoben. Bitte informiere dich \u00fcber die geltenden Zollbestimmungen und die damit verbundenen Kosten, bevor du eine internationale Bestellung aufgibst.<\/p><h6>Versand-Updates:<\/h6><p>Sobald deine Bestellung versandt wurde, erh\u00e4ltst du eine Best\u00e4tigungs-E-Mail mit Informationen zur Sendungsverfolgung, sofern verf\u00fcgbar. So kannst du den Fortschritt deiner Sendung verfolgen und ihre voraussichtliche Ankunft absch\u00e4tzen.<\/p><p>Unser Versandservice beinhaltet zwei Zustellversuche an die angegebene Adresse. Falls du nicht in der Lage bist, das Paket in Empfang zu nehmen, wird es an der n\u00e4chstgelegenen Abgabestelle in der N\u00e4he deines Wohnorts deponiert.<\/p><p>Bitte beachte, dass du eine Frist von 10 Arbeitstagen hast, um das Paket nach Erhalt der entsprechenden Benachrichtigung umgehend an der vorgesehenen Abgabestelle abzuholen. Wenn du dies nicht innerhalb dieses Zeitrahmens tust, k\u00f6nnen zus\u00e4tzliche Kosten und Bearbeitungsgeb\u00fchren anfallen.<\/p><p>Wenn du dich weigerst, die Ware abzuholen oder das Paket trotz der notwendigen Benachrichtigung nicht abholst und uns anschlie\u00dfend aufforderst, das Paket erneut zu versenden, wird eine Bearbeitungsgeb\u00fchr erhoben.<\/p><p>Um eine reibungslose Zustellung zu gew\u00e4hrleisten, empfehlen wir dir, die Richtigkeit der angegebenen Adresse zu \u00fcberpr\u00fcfen und daf\u00fcr zu sorgen, dass jemand das Paket innerhalb des gesch\u00e4tzten Zeitrahmens in Empfang nehmen kann. So kannst du Unannehmlichkeiten und zus\u00e4tzliche Kosten vermeiden.<\/p><p><span style=\"background-color: var(--white); color: var(--black); letter-spacing: var(--font-main-letterspacing);\">Der Anbieter \u00fcbernimmt keinerlei Haftung, wenn die Lieferung des Produkts nicht erfolgen kann, weil die vom Nutzer angegebenen Daten unrichtig oder unvollst\u00e4ndig sind oder wenn die Lieferung aus anderen, vom Empf\u00e4nger zu vertretenden Gr\u00fcnden nicht erfolgen kann <\/span><em style=\"background-color: var(--white); color: var(--black); letter-spacing: var(--font-main-letterspacing);\">(z.B. Abwesenheit)<\/em><span style=\"background-color: var(--white); color: var(--black); letter-spacing: var(--font-main-letterspacing);\">.<\/span><\/p><p>Wenn du eine Bestellung auf unserer Website aufgibst, erkl\u00e4rst du dich mit den oben genannten Versandbedingungen einverstanden. Wir behalten uns das Recht vor, diese Bedingungen jederzeit ohne Vorank\u00fcndigung zu \u00e4ndern, aber alle \u00c4nderungen wirken sich nicht auf Bestellungen aus, die vor Inkrafttreten der \u00c4nderung aufgegeben wurden.<\/p><h5>VERF\u00dcGBARKEIT<\/h5><p>Alle Bestellungen sind vorbehaltlich der Verf\u00fcgbarkeit. Wir \u00fcbernehmen keine Garantie daf\u00fcr, dass unsere Website oder die darauf befindlichen Inhalte immer verf\u00fcgbar oder fehlerfrei sind. Aus betrieblichen Gr\u00fcnden, wie z. B. Wartung, Reparatur oder Upgrades der Website, kann der Dienst unterbrochen werden, und es kann notwendig sein, die Verf\u00fcgbarkeit von Inhalten, Produkten oder Dienstleistungen jederzeit ohne Vorank\u00fcndigung zu \u00e4ndern oder auszusetzen.<\/p><h5>PREISE<\/h5><p>Die in unserem Online-Shop ver\u00f6ffentlichten Preise sind in Euro ausgedr\u00fcckt und enthalten die Mehrwertsteuer (in L\u00e4ndern oder Gebieten, in denen diese Steuer befreit ist, wird sie zum Zeitpunkt des Kaufs abgezogen) und sind g\u00fcltig, au\u00dfer bei Druckfehlern oder dem Ende des Lagerbestands. Unser Online-Shop beh\u00e4lt sich das Recht vor, Produkte, Aktionen, Gesch\u00e4ftsbedingungen und Preise jederzeit und ohne vorherige Ank\u00fcndigung an den Kunden zu \u00e4ndern.<\/p><h5>ZAHLUNGSARTEN<\/h5><p>Unsere Transaktionen sind absolut sicher und werden durch<strong> SSL<\/strong> verschl\u00fcsselt, unser Server ist mit dem <strong>HTTPS-Protokoll <\/strong>gesichert. <strong>Aus Sicherheitsgr\u00fcnden <strong>verarbeitet<\/strong> www.vitamic.com unter keinen Umst\u00e4nden deine <strong>Kreditkartendaten<\/strong>.<\/strong> Kreditkartenbetrug ist eine Straftat. Dieses Unternehmen wird rechtliche Schritte gegen jeden einleiten, der eine betr\u00fcgerische Transaktion in unserem Online-Shop vornimmt.<\/p><p><span style=\"font-size: 1rem;\"><b>Redsys Payment Gateway<\/b><\/span><\/p><p data-pm-slice=\"1 1 []\">Redsys bietet sichere Online-Transaktionen f\u00fcr Kredit- und Debitkarten.<\/p><p><strong>Zahlung \u00fcber PayPal<\/strong><\/p><p>Wir bieten eine sichere Bezahlung \u00fcber PayPal an, so dass Sie mit PayPal bezahlen k\u00f6nnen, ohne Ihre Debit- oder Kreditkartendaten eingeben zu m\u00fcssen. Sie k\u00f6nnen auch mit PayPal bezahlen, ohne ein Konto zu er\u00f6ffnen. Das bedeutet, dass PayPal Ihre Daten nach dem Kauf nicht speichert. F\u00fcr diese Zahlungsart wird eine Bearbeitungsgeb\u00fchr von 2 % erhoben.<\/p><p><strong>Kartenzahlungen \u00fcber STRIPE<\/strong><\/p><p>Alternativ k\u00f6nnen Sie auch mit Kreditkarten <em>(Visa, MasterCard, American Express)<\/em> \u00fcber STRIPE bezahlen.<\/p><p><b>SOFORT<\/b><\/p><p>Mit Sofort k\u00f6nnen Sie schnell und einfach mit Ihren Online-Banking-Daten bezahlen. Wir erhalten eine Best\u00e4tigung der \u00dcberweisung in Echtzeit und k\u00f6nnen die Bestellung sofort freigeben.<\/p><h5>GARANTIE<\/h5><p>F\u00fcr verderbliche Produkte gilt die Garantie nicht, wenn mit dem Verzehr begonnen wurde, wenn sie ge\u00f6ffnet wurden, wenn das Verfallsdatum \u00fcberschritten ist (die Produkte werden mit einem f\u00fcr den Verzehr ausreichenden Verfallsdatum geliefert) oder wenn der Schaden nicht fabrikm\u00e4\u00dfig entstanden ist, sondern vom Verbraucher verursacht wurde.<\/p><p>Sollte das gekaufte Produkt einen Mangel aufweisen, kannst du uns per E-Mail an <strong>support@vitamic.com,<\/strong> an die Adresse Cap Negret 61, 03590 Altea (Alicante) oder auf anderem Wege kontaktieren und wir werden dir das Verfahren f\u00fcr die R\u00fcckgabe oder den Umtausch mitteilen. Diese Verfahren sind in keinem Fall mit Kosten f\u00fcr den Kunden verbunden.<\/p><h5>R\u00dcCKGABE<\/h5><p><strong>Was passiert, wenn ich ein besch\u00e4digtes, defektes oder falsches Produkt erhalte?<\/strong><\/p><p>In diesem Fall wird VITAMIC\u00ae das Produkt kostenlos ersetzen. Dazu musst du uns innerhalb von 48 Stunden nach Erhalt der Bestellung an deiner Heimatadresse eine E-Mail mit den folgenden Informationen an support@vitamic.com schicken:<\/p><ul><li>Name des Kunden<\/li><li>Auftragsnummer und -datum<\/li><li>Name des Produkts<\/li><li>Grund f\u00fcr die R\u00fcckgabe<\/li><\/ul><p>Im Falle eines besch\u00e4digten Produkts ist es au\u00dferdem erforderlich, ein Foto der Verpackung und des Produkts beizuf\u00fcgen.<\/p><p><strong>Was ist, wenn ich das falsche Produkt habe oder nach Erhalt des Produkts entscheide, dass es mich nicht interessiert?<\/strong><\/p><p>Wenn Sie mit der von Ihnen gekauften Ware nicht zufrieden sind, haben Sie das Recht, durch R\u00fccksendung Ihrer Eink\u00e4ufe vom Vertrag zur\u00fcckzutreten. Sie k\u00f6nnen Ihr Widerrufsrecht ohne Angabe von Gr\u00fcnden innerhalb von 14 Kalendertagen ab dem Tag aus\u00fcben, an dem Sie oder ein von Ihnen benannter Dritter, der nicht der Bef\u00f6rderer ist, die Waren erhalten haben.<\/p><p>Um dein Widerrufsrecht auszu\u00fcben, musst du uns unmissverst\u00e4ndlich <em>(z.B. per E-Mail an <strong>support@vitamic.com)<\/strong><\/em> \u00fcber deinen Entschluss, den Vertrag zu widerrufen, informieren.<\/p><p>Du musst die Waren innerhalb der angegebenen Frist direkt an unsere Niederlassung in Cap Negret 61, 03590 Altea (Alicante), SPANIEN, schicken oder liefern. Die durch die R\u00fccksendung entstehenden unmittelbaren Kosten hat der Kunde zu tragen.<\/p><p>Das zur\u00fcckgegebene Produkt muss sich in einwandfreiem Zustand befinden, mit Originalversiegelung und -verpackung. Wir akzeptieren keine R\u00fccksendung von Produkten, die ge\u00f6ffnet wurden oder Anzeichen von Manipulation aufweisen.<br>Die R\u00fcckerstattung erfolgt auf demselben Weg, der f\u00fcr die Bezahlung der Bestellung verwendet wurde, innerhalb einer Frist von h\u00f6chstens <strong>14 Kalendertagen <\/strong>ab Lieferung an unsere Einrichtungen.<\/p><h5>VERTRIEB, GESUNDHEITSBEZOGENE AUSSAGEN UND EXTERNE INHALTE<\/h5><p>Der Vertrieb von<strong> VITAMIC\u00ae-Produkten<\/strong> ist ausschlie\u00dflich mit <strong>ausdr\u00fccklicher schriftlicher Genehmigung<\/strong> von VITAMIC Europa zul\u00e4ssig. Eine Weitergabe oder kommerzielle Verbreitung ohne Genehmigung ist untersagt. <\/p><p>Gesundheitsbezogene Aussagen d\u00fcrfen ausschlie\u00dflich im Rahmen der<strong> offiziell freigegebenen Produktinformationen<\/strong> erfolgen. Nicht freigegebene Aussagen sind unzul\u00e4ssig und k\u00f6nnen gegen geltendes Wettbewerbs- oder Gesundheitsrecht versto\u00dfen. <\/p><p>F\u00fcr Inhalte, Aussagen oder Behauptungen auf <strong>Webseiten Dritter<\/strong> \u00fcbernimmt VITAMIC Europa<strong> keine Haftung<\/strong>. F\u00fcr deren Richtigkeit und Rechtm\u00e4\u00dfigkeit ist ausschlie\u00dflich der jeweilige Betreiber verantwortlich. <\/p><h5>ANWENDBARES RECHT UND GERICHTSBARKEIT<\/h5><p>Die Nutzung unserer Website und die Vertr\u00e4ge \u00fcber den Kauf von Produkten \u00fcber diese Website unterliegen dem spanischen Recht.<\/p><p>F\u00fcr alle Streitigkeiten, die sich aus der Auslegung oder Ausf\u00fchrung im Zusammenhang mit der G\u00fcltigkeit, Interpretation, Erf\u00fcllung oder Beendigung dieses Vertrages ergeben k\u00f6nnen, sind die zust\u00e4ndigen Gerichte am Wohnsitz des Benutzers zust\u00e4ndig, sofern die geltende Gesetzgebung dies zul\u00e4sst.<\/p><p>Da es sich um einen Online-Kauf \u00fcber unsere Website handelt, informieren wir Sie gem\u00e4\u00df der EU-Verordnung Nr. 524\/2013, dass Sie das Recht haben, bei uns eine au\u00dfergerichtliche Beilegung von Verbraucherstreitigkeiten zu beantragen, die \u00fcber die Internetadresse http:\/\/ec.europa.eu\/consumers\/odr\/ zug\u00e4nglich ist.<\/p>\t\t\t\t\t\t\t\t<\/div>\n\t\t\t\t<\/div>\n\t\t\t\t\t<\/div>\n\t\t<\/div>\n\t\t\t\t\t<\/div>\n\t\t<\/section>\n\t\t\t\t<\/div>\n\t\t","protected":false},"excerpt":{"rendered":"<p>ALLGEMEINE INFORMATIONEN Alle Eink\u00e4ufe bei Vitamic.com (im Folgenden als Online-Shop bezeichnet) unterliegen den in diesem Dokument dargelegten Verkaufsbedingungen. Der &#8222;Rechtliche Hinweis&#8220; verlangt vom Benutzer, dass er ihn sorgf\u00e4ltig liest. Unser Online-Shop ist von der Haftung bei Unkenntnis der Einkaufsbedingungen befreit. Die Inhalte und Informationen, die auf diesen Seiten erscheinen, dienen nur zu Informationszwecken und wurden [&hellip;]<\/p>\n","protected":false},"author":9,"featured_media":0,"parent":0,"menu_order":31,"comment_status":"closed","ping_status":"closed","template":"","meta":{"footnotes":""},"class_list":["post-3751","page","type-page","status-publish","hentry"],"yoast_head":"<!-- This site is optimized with the Yoast SEO plugin v26.9 - https:\/\/yoast.com\/product\/yoast-seo-wordpress\/ -->\n<title>Allgemeine Bedingungen - VITAMIC.com<\/title>\n<meta name=\"robots\" content=\"index, follow, max-snippet:-1, max-image-preview:large, max-video-preview:-1\" \/>\n<link rel=\"canonical\" href=\"https:\/\/vitamic.com\/de\/allgemeine-bedingungen\/\" \/>\n<meta property=\"og:locale\" content=\"de_DE\" \/>\n<meta property=\"og:type\" content=\"article\" \/>\n<meta property=\"og:title\" content=\"Allgemeine Bedingungen - VITAMIC.com\" \/>\n<meta property=\"og:description\" content=\"ALLGEMEINE INFORMATIONEN Alle Eink\u00e4ufe bei Vitamic.com (im Folgenden als Online-Shop bezeichnet) unterliegen den in diesem Dokument dargelegten Verkaufsbedingungen. Der &#8222;Rechtliche Hinweis&#8220; verlangt vom Benutzer, dass er ihn sorgf\u00e4ltig liest. Unser Online-Shop ist von der Haftung bei Unkenntnis der Einkaufsbedingungen befreit. Die Inhalte und Informationen, die auf diesen Seiten erscheinen, dienen nur zu Informationszwecken und wurden [&hellip;]\" \/>\n<meta property=\"og:url\" content=\"https:\/\/vitamic.com\/de\/allgemeine-bedingungen\/\" \/>\n<meta property=\"og:site_name\" content=\"VITAMIC.com\" \/>\n<meta property=\"article:publisher\" content=\"https:\/\/www.facebook.com\/vitamicdrops\" \/>\n<meta property=\"article:modified_time\" content=\"2026-01-02T10:58:13+00:00\" \/>\n<meta property=\"og:image\" content=\"https:\/\/vitamic.com\/wp-content\/uploads\/2024\/03\/vitamic-avatar-dark.png\" \/>\n\t<meta property=\"og:image:width\" content=\"800\" \/>\n\t<meta property=\"og:image:height\" content=\"533\" \/>\n\t<meta property=\"og:image:type\" content=\"image\/png\" \/>\n<meta name=\"twitter:card\" content=\"summary_large_image\" \/>\n<meta name=\"twitter:label1\" content=\"Gesch\u00e4tzte Lesezeit\" \/>\n\t<meta name=\"twitter:data1\" content=\"9\u00a0Minuten\" \/>\n<script type=\"application\/ld+json\" class=\"yoast-schema-graph\">{\"@context\":\"https:\/\/schema.org\",\"@graph\":[{\"@type\":\"WebPage\",\"@id\":\"https:\/\/vitamic.com\/de\/allgemeine-bedingungen\/\",\"url\":\"https:\/\/vitamic.com\/de\/allgemeine-bedingungen\/\",\"name\":\"Allgemeine Bedingungen - VITAMIC.com\",\"isPartOf\":{\"@id\":\"https:\/\/vitamic.com\/de\/#website\"},\"datePublished\":\"2021-06-24T14:00:48+00:00\",\"dateModified\":\"2026-01-02T10:58:13+00:00\",\"breadcrumb\":{\"@id\":\"https:\/\/vitamic.com\/de\/allgemeine-bedingungen\/#breadcrumb\"},\"inLanguage\":\"de\",\"potentialAction\":[{\"@type\":\"ReadAction\",\"target\":[\"https:\/\/vitamic.com\/de\/allgemeine-bedingungen\/\"]}]},{\"@type\":\"BreadcrumbList\",\"@id\":\"https:\/\/vitamic.com\/de\/allgemeine-bedingungen\/#breadcrumb\",\"itemListElement\":[{\"@type\":\"ListItem\",\"position\":1,\"name\":\"Home\",\"item\":\"https:\/\/vitamic.com\/de\/startseite-2\/\"},{\"@type\":\"ListItem\",\"position\":2,\"name\":\"Allgemeine Bedingungen\"}]},{\"@type\":\"WebSite\",\"@id\":\"https:\/\/vitamic.com\/de\/#website\",\"url\":\"https:\/\/vitamic.com\/de\/\",\"name\":\"VITAMIC.com\",\"description\":\"Onlineshop f\u00fcr nat\u00fcrliche Nahrungserg\u00e4nzungsmittel \",\"publisher\":{\"@id\":\"https:\/\/vitamic.com\/de\/#organization\"},\"potentialAction\":[{\"@type\":\"SearchAction\",\"target\":{\"@type\":\"EntryPoint\",\"urlTemplate\":\"https:\/\/vitamic.com\/de\/?s={search_term_string}\"},\"query-input\":{\"@type\":\"PropertyValueSpecification\",\"valueRequired\":true,\"valueName\":\"search_term_string\"}}],\"inLanguage\":\"de\"},{\"@type\":\"Organization\",\"@id\":\"https:\/\/vitamic.com\/de\/#organization\",\"name\":\"Vitamic Europa\",\"url\":\"https:\/\/vitamic.com\/de\/\",\"logo\":{\"@type\":\"ImageObject\",\"inLanguage\":\"de\",\"@id\":\"https:\/\/vitamic.com\/de\/#\/schema\/logo\/image\/\",\"url\":\"https:\/\/vitamic.com\/wp-content\/uploads\/2021\/02\/vitamic_weblogo.png\",\"contentUrl\":\"https:\/\/vitamic.com\/wp-content\/uploads\/2021\/02\/vitamic_weblogo.png\",\"width\":455,\"height\":72,\"caption\":\"Vitamic Europa\"},\"image\":{\"@id\":\"https:\/\/vitamic.com\/de\/#\/schema\/logo\/image\/\"},\"sameAs\":[\"https:\/\/www.facebook.com\/vitamicdrops\",\"https:\/\/www.instagram.com\/vitamicdrops\/\",\"https:\/\/www.linkedin.com\/company\/vitamic\/\"]}]}<\/script>\n<!-- \/ Yoast SEO plugin. -->","yoast_head_json":{"title":"Allgemeine Bedingungen - VITAMIC.com","robots":{"index":"index","follow":"follow","max-snippet":"max-snippet:-1","max-image-preview":"max-image-preview:large","max-video-preview":"max-video-preview:-1"},"canonical":"https:\/\/vitamic.com\/de\/allgemeine-bedingungen\/","og_locale":"de_DE","og_type":"article","og_title":"Allgemeine Bedingungen - VITAMIC.com","og_description":"ALLGEMEINE INFORMATIONEN Alle Eink\u00e4ufe bei Vitamic.com (im Folgenden als Online-Shop bezeichnet) unterliegen den in diesem Dokument dargelegten Verkaufsbedingungen. Der &#8222;Rechtliche Hinweis&#8220; verlangt vom Benutzer, dass er ihn sorgf\u00e4ltig liest. Unser Online-Shop ist von der Haftung bei Unkenntnis der Einkaufsbedingungen befreit. Die Inhalte und Informationen, die auf diesen Seiten erscheinen, dienen nur zu Informationszwecken und wurden [&hellip;]","og_url":"https:\/\/vitamic.com\/de\/allgemeine-bedingungen\/","og_site_name":"VITAMIC.com","article_publisher":"https:\/\/www.facebook.com\/vitamicdrops","article_modified_time":"2026-01-02T10:58:13+00:00","og_image":[{"width":800,"height":533,"url":"https:\/\/vitamic.com\/wp-content\/uploads\/2024\/03\/vitamic-avatar-dark.png","type":"image\/png"}],"twitter_card":"summary_large_image","twitter_misc":{"Gesch\u00e4tzte Lesezeit":"9\u00a0Minuten"},"schema":{"@context":"https:\/\/schema.org","@graph":[{"@type":"WebPage","@id":"https:\/\/vitamic.com\/de\/allgemeine-bedingungen\/","url":"https:\/\/vitamic.com\/de\/allgemeine-bedingungen\/","name":"Allgemeine Bedingungen - VITAMIC.com","isPartOf":{"@id":"https:\/\/vitamic.com\/de\/#website"},"datePublished":"2021-06-24T14:00:48+00:00","dateModified":"2026-01-02T10:58:13+00:00","breadcrumb":{"@id":"https:\/\/vitamic.com\/de\/allgemeine-bedingungen\/#breadcrumb"},"inLanguage":"de","potentialAction":[{"@type":"ReadAction","target":["https:\/\/vitamic.com\/de\/allgemeine-bedingungen\/"]}]},{"@type":"BreadcrumbList","@id":"https:\/\/vitamic.com\/de\/allgemeine-bedingungen\/#breadcrumb","itemListElement":[{"@type":"ListItem","position":1,"name":"Home","item":"https:\/\/vitamic.com\/de\/startseite-2\/"},{"@type":"ListItem","position":2,"name":"Allgemeine Bedingungen"}]},{"@type":"WebSite","@id":"https:\/\/vitamic.com\/de\/#website","url":"https:\/\/vitamic.com\/de\/","name":"VITAMIC.com","description":"Onlineshop f\u00fcr nat\u00fcrliche Nahrungserg\u00e4nzungsmittel ","publisher":{"@id":"https:\/\/vitamic.com\/de\/#organization"},"potentialAction":[{"@type":"SearchAction","target":{"@type":"EntryPoint","urlTemplate":"https:\/\/vitamic.com\/de\/?s={search_term_string}"},"query-input":{"@type":"PropertyValueSpecification","valueRequired":true,"valueName":"search_term_string"}}],"inLanguage":"de"},{"@type":"Organization","@id":"https:\/\/vitamic.com\/de\/#organization","name":"Vitamic Europa","url":"https:\/\/vitamic.com\/de\/","logo":{"@type":"ImageObject","inLanguage":"de","@id":"https:\/\/vitamic.com\/de\/#\/schema\/logo\/image\/","url":"https:\/\/vitamic.com\/wp-content\/uploads\/2021\/02\/vitamic_weblogo.png","contentUrl":"https:\/\/vitamic.com\/wp-content\/uploads\/2021\/02\/vitamic_weblogo.png","width":455,"height":72,"caption":"Vitamic Europa"},"image":{"@id":"https:\/\/vitamic.com\/de\/#\/schema\/logo\/image\/"},"sameAs":["https:\/\/www.facebook.com\/vitamicdrops","https:\/\/www.instagram.com\/vitamicdrops\/","https:\/\/www.linkedin.com\/company\/vitamic\/"]}]}},"_links":{"self":[{"href":"https:\/\/vitamic.com\/de\/wp-json\/wp\/v2\/pages\/3751","targetHints":{"allow":["GET"]}}],"collection":[{"href":"https:\/\/vitamic.com\/de\/wp-json\/wp\/v2\/pages"}],"about":[{"href":"https:\/\/vitamic.com\/de\/wp-json\/wp\/v2\/types\/page"}],"author":[{"embeddable":true,"href":"https:\/\/vitamic.com\/de\/wp-json\/wp\/v2\/users\/9"}],"replies":[{"embeddable":true,"href":"https:\/\/vitamic.com\/de\/wp-json\/wp\/v2\/comments?post=3751"}],"version-history":[{"count":27,"href":"https:\/\/vitamic.com\/de\/wp-json\/wp\/v2\/pages\/3751\/revisions"}],"predecessor-version":[{"id":19623,"href":"https:\/\/vitamic.com\/de\/wp-json\/wp\/v2\/pages\/3751\/revisions\/19623"}],"wp:attachment":[{"href":"https:\/\/vitamic.com\/de\/wp-json\/wp\/v2\/media?parent=3751"}],"curies":[{"name":"wp","href":"https:\/\/api.w.org\/{rel}","templated":true}]}}