{"id":3759,"date":"2021-06-24T16:03:09","date_gmt":"2021-06-24T14:03:09","guid":{"rendered":"https:\/\/vitamic.life\/legal-notice\/"},"modified":"2022-10-17T22:12:11","modified_gmt":"2022-10-17T20:12:11","slug":"legal-notice","status":"publish","type":"page","link":"https:\/\/vitamic.com\/de\/legal-notice\/","title":{"rendered":"Rechtlicher Hinweis"},"content":{"rendered":"\n<p>VITAMIC\u00ae Europe S.L., der Verantwortliche f\u00fcr die Website, im Folgenden VERANTWORTLICHER genannt, stellt den Nutzern dieses Dokument zur Verf\u00fcgung, mit dem er die im Gesetz 34\/2002 vom 11. Juli \u00fcber die Dienste der Informationsgesellschaft und den elektronischen Handel (LSSICE), BOE Nr. 166, festgelegten Verpflichtungen erf\u00fcllen und alle Nutzer der Website \u00fcber die Nutzungsbedingungen informieren will.<\/p>\n\n<p>Jede Person, die auf diese Website zugreift, \u00fcbernimmt die Rolle des\/der Nutzers\/in und verpflichtet sich zur Beachtung und strikten Einhaltung der hier aufgef\u00fchrten Bestimmungen sowie aller anderen anwendbaren gesetzlichen Bestimmungen.<\/p>\n\n<p>VITAMIC\u00ae Europe S.L. beh\u00e4lt sich das Recht vor, jede Art von Informationen, die auf der Website erscheinen, zu \u00e4ndern, ohne dass eine Verpflichtung zur vorherigen Ank\u00fcndigung oder Information der Nutzer besteht, wobei die Ver\u00f6ffentlichung auf der Website von VITAMIC\u00ae EUROPE S.L. als ausreichend angesehen wird.<\/p>\n\n<h4 class=\"wp-block-heading\" id=\"h-company-details\">UNTERNEHMENSDETAILS<\/h4>\n\n<p>Dom\u00e4ne: vitamic.com<\/p>\n\n<p>Handelsname: VITAMIC\u00ae<\/p>\n\n<p>Firmenname: VITAMIC\u00ae Europa S.L.<\/p>\n\n<p>UID: ESB04997771<\/p>\n\n<p>Sitz: Cap Negret 61, 03590 Altea (Alicante), Spanien<\/p>\n\n<p><\/p>\n\n<p>E-Mail: info@vitamic.com<\/p>\n\n<p><\/p>\n\n<h4 class=\"wp-block-heading\" id=\"h-intellectual-and-industrial-property-rights\">RECHTE AN GEISTIGEM UND GEWERBLICHEM EIGENTUM<\/h4>\n\n<p>Die Website, einschlie\u00dflich, aber nicht beschr\u00e4nkt auf ihre Programmierung, Bearbeitung, Zusammenstellung und andere f\u00fcr ihren Betrieb notwendige Elemente, Designs, Logos, Texte und\/oder Grafiken, sind Eigentum der VERANTWORTLICHEN PARTEI oder verf\u00fcgen gegebenenfalls \u00fcber eine Lizenz oder ausdr\u00fcckliche Genehmigung der Urheber. Alle Inhalte der Website sind durch Vorschriften zum geistigen und gewerblichen Eigentum ordnungsgem\u00e4\u00df gesch\u00fctzt und in den entsprechenden \u00f6ffentlichen Registern eingetragen. Ungeachtet des Zwecks, f\u00fcr den sie bestimmt waren, bedarf die vollst\u00e4ndige oder teilweise Vervielf\u00e4ltigung, Nutzung, Verwertung, Verbreitung und Vermarktung in jedem Fall der vorherigen schriftlichen Genehmigung der VERANTWORTLICHEN PARTEI. Jede unbefugte Nutzung wird als schwerwiegender Versto\u00df gegen die geistigen oder gewerblichen Eigentumsrechte des Urhebers angesehen.<\/p>\n\n<p>Die Designs, Logos, Texte und\/oder Grafiken, die nicht dem VERANTWORTLICHEN geh\u00f6ren und die auf der Website erscheinen k\u00f6nnen, geh\u00f6ren ihren jeweiligen Eigent\u00fcmern, und diese sind selbst f\u00fcr m\u00f6gliche Kontroversen verantwortlich, die in Bezug auf sie entstehen k\u00f6nnen. Der VERANTWORTLICHE EIGENT\u00dcMER gestattet Dritten ausdr\u00fccklich, direkt auf die spezifischen Inhalte der Website und in jedem Fall auf die Hauptwebsite https:\/\/www.vitamic.com weiterzuleiten.<\/p>\n\n<p>Die VERANTWORTUNG erkennt die entsprechenden geistigen und gewerblichen Eigentumsrechte zugunsten ihrer Eigent\u00fcmer an, und ihre blo\u00dfe Erw\u00e4hnung oder ihr Erscheinen auf der Website impliziert weder das Vorhandensein irgendwelcher Rechte oder Verantwortlichkeiten an ihnen, noch eine Bef\u00fcrwortung, F\u00f6rderung oder Empfehlung durch dieselben.<\/p>\n\n<p>Wenn du Hinweise auf m\u00f6gliche Verletzungen von Rechten an geistigem oder gewerblichem Eigentum sowie auf den Inhalt der Website geben m\u00f6chtest, kannst du dies per E-Mail an info@vitamic.com tun.<\/p>\n\n<h4 class=\"wp-block-heading\" id=\"h-liability\">HAFTUNG<\/h4>\n\n<p>Die VERANTWORTLICHE Partei ist von jeglicher Art von Verantwortung befreit, die sich aus den auf ihrer Website ver\u00f6ffentlichten Informationen ergibt, sofern diese Informationen von einem Dritten au\u00dferhalb derselben manipuliert oder eingef\u00fcgt worden sind.<\/p>\n\n<h5 class=\"wp-block-heading\" id=\"h-links\">Links<\/h5>\n\n<p>Von der Website kannst du zu Inhalten von Websites Dritter weitergeleitet werden. Da der VERANTWORTLICHE die von Dritten auf ihren jeweiligen Websites eingestellten Inhalte nicht immer kontrollieren kann, \u00fcbernimmt er keinerlei Verantwortung f\u00fcr diese Inhalte. In jedem Fall werden Inhalte, die gegen die nationale oder internationale Gesetzgebung, die Moral oder die \u00f6ffentliche Ordnung versto\u00dfen k\u00f6nnten, sofort entfernt und die Weiterleitung zu dieser Website sofort aufgehoben, indem die zust\u00e4ndigen Beh\u00f6rden \u00fcber den betreffenden Inhalt informiert werden.<\/p>\n\n<p>Der VERANTWORTLICHE ist nicht verantwortlich f\u00fcr die gespeicherten Informationen und Inhalte, insbesondere in Foren, Chats, Bloggeneratoren, Kommentaren, sozialen Netzwerken oder anderen Medien, die es Dritten erm\u00f6glichen, Inhalte unabh\u00e4ngig auf der Website des VERANTWORTLICHEN zu ver\u00f6ffentlichen. In \u00dcbereinstimmung mit den Bestimmungen der Artikel 11 und 16 des LSSICE stellt es sich jedoch allen Nutzern, Beh\u00f6rden und Sicherheitskr\u00e4ften zur Verf\u00fcgung und arbeitet aktiv an der Entfernung oder gegebenenfalls Sperrung aller Inhalte mit, die die nationale oder internationale Gesetzgebung, die Rechte Dritter oder die Moral und die \u00f6ffentliche Ordnung beeintr\u00e4chtigen oder dagegen versto\u00dfen k\u00f6nnten. Falls der\/die Nutzer\/in der Meinung ist, dass es auf der Website Inhalte gibt, die f\u00fcr diese Einstufung in Frage kommen k\u00f6nnten, benachrichtige bitte sofort den Website-Administrator.<\/p>\n\n<p>Diese Website wurde gepr\u00fcft und getestet, um sicherzustellen, dass sie korrekt funktioniert. Im Prinzip kann garantiert werden, dass es 365 Tage im Jahr, 24 Stunden am Tag richtig funktioniert. Die VERANTWORTLICHE PARTEI schlie\u00dft jedoch die M\u00f6glichkeit bestimmter Programmierfehler oder das Auftreten von h\u00f6herer Gewalt, Naturkatastrophen, Streiks oder \u00e4hnlichen Umst\u00e4nden, die den Zugriff auf die Website unm\u00f6glich machen, nicht aus.<\/p>\n\n<h5 class=\"wp-block-heading\" id=\"h-ip-addresses\">IP-Adressen<\/h5>\n\n<p>Die Server der Website k\u00f6nnen automatisch die IP-Adresse und den Dom\u00e4nennamen erkennen, die der\/die Nutzer\/in verwendet. Eine IP-Adresse ist eine Nummer, die einem Computer automatisch zugewiesen wird, wenn er sich mit dem Internet verbindet. All diese Informationen werden in einer ordnungsgem\u00e4\u00df registrierten Serveraktivit\u00e4tsdatei aufgezeichnet, die eine sp\u00e4tere Verarbeitung der Daten erm\u00f6glicht, um rein statistische Messungen zu erhalten, die es erm\u00f6glichen, die Anzahl der Seitenaufrufe, die Anzahl der Besuche auf den Webservern, die Reihenfolge der Besuche, den Zugangspunkt usw. zu ermitteln.<\/p>\n\n<h4 class=\"wp-block-heading\" id=\"h-applicable-law-and-jurisdiction\">ANWENDBARES RECHT UND GERICHTSBARKEIT<\/h4>\n\n<p>Die Nutzung unserer Website und die Vertr\u00e4ge \u00fcber den Kauf von Produkten \u00fcber diese Website unterliegen dem spanischen Recht.<\/p>\n\n<p>F\u00fcr alle Streitigkeiten, die sich aus der Auslegung oder Ausf\u00fchrung im Zusammenhang mit der G\u00fcltigkeit, Interpretation, Erf\u00fcllung oder Beendigung dieses Vertrags ergeben, sind die Gerichte der Stadt Alicante zust\u00e4ndig, unter Verzicht auf jede andere Zust\u00e4ndigkeit, die dem Nutzer\/der Nutzerin zustehen k\u00f6nnte, sofern die geltende Gesetzgebung dies zul\u00e4sst.<\/p>\n\n<p>Da es sich um einen Online-Kauf \u00fcber unsere Website handelt, informieren wir Sie gem\u00e4\u00df der EU-Verordnung Nr. 524\/2013, dass Sie das Recht haben, bei uns eine au\u00dfergerichtliche Beilegung von Verbraucherstreitigkeiten zu beantragen, die \u00fcber die Internetadresse http:\/\/ec.europa.eu\/consumers\/odr\/ zug\u00e4nglich ist.<\/p>\n","protected":false},"excerpt":{"rendered":"<p>VITAMIC\u00ae Europe S.L., der Verantwortliche f\u00fcr die Website, im Folgenden VERANTWORTLICHER genannt, stellt den Nutzern dieses Dokument zur Verf\u00fcgung, mit dem er die im Gesetz 34\/2002 vom 11. Juli \u00fcber die Dienste der Informationsgesellschaft und den elektronischen Handel (LSSICE), BOE Nr. 166, festgelegten Verpflichtungen erf\u00fcllen und alle Nutzer der Website \u00fcber die Nutzungsbedingungen informieren will. [&hellip;]<\/p>\n","protected":false},"author":9,"featured_media":0,"parent":0,"menu_order":100,"comment_status":"closed","ping_status":"closed","template":"","meta":{"footnotes":""},"class_list":["post-3759","page","type-page","status-publish","hentry"],"yoast_head":"<!-- This site is optimized with the Yoast SEO plugin v26.9 - https:\/\/yoast.com\/product\/yoast-seo-wordpress\/ -->\n<title>Rechtlicher Hinweis - VITAMIC.com<\/title>\n<meta name=\"robots\" content=\"index, follow, max-snippet:-1, max-image-preview:large, max-video-preview:-1\" \/>\n<link rel=\"canonical\" href=\"https:\/\/vitamic.com\/de\/legal-notice\/\" \/>\n<meta property=\"og:locale\" content=\"de_DE\" \/>\n<meta property=\"og:type\" content=\"article\" \/>\n<meta property=\"og:title\" content=\"Rechtlicher Hinweis - VITAMIC.com\" \/>\n<meta property=\"og:description\" content=\"VITAMIC\u00ae Europe S.L., der Verantwortliche f\u00fcr die Website, im Folgenden VERANTWORTLICHER genannt, stellt den Nutzern dieses Dokument zur Verf\u00fcgung, mit dem er die im Gesetz 34\/2002 vom 11. Juli \u00fcber die Dienste der Informationsgesellschaft und den elektronischen Handel (LSSICE), BOE Nr. 166, festgelegten Verpflichtungen erf\u00fcllen und alle Nutzer der Website \u00fcber die Nutzungsbedingungen informieren will. [&hellip;]\" \/>\n<meta property=\"og:url\" content=\"https:\/\/vitamic.com\/de\/legal-notice\/\" \/>\n<meta property=\"og:site_name\" content=\"VITAMIC.com\" \/>\n<meta property=\"article:publisher\" content=\"https:\/\/www.facebook.com\/vitamicdrops\" \/>\n<meta property=\"article:modified_time\" content=\"2022-10-17T20:12:11+00:00\" \/>\n<meta property=\"og:image\" content=\"https:\/\/vitamic.com\/wp-content\/uploads\/2024\/03\/vitamic-avatar-dark.png\" \/>\n\t<meta property=\"og:image:width\" content=\"800\" \/>\n\t<meta property=\"og:image:height\" content=\"533\" \/>\n\t<meta property=\"og:image:type\" content=\"image\/png\" \/>\n<meta name=\"twitter:card\" content=\"summary_large_image\" \/>\n<meta name=\"twitter:label1\" content=\"Gesch\u00e4tzte Lesezeit\" \/>\n\t<meta name=\"twitter:data1\" content=\"5\u00a0Minuten\" \/>\n<script type=\"application\/ld+json\" class=\"yoast-schema-graph\">{\"@context\":\"https:\/\/schema.org\",\"@graph\":[{\"@type\":\"WebPage\",\"@id\":\"https:\/\/vitamic.com\/de\/legal-notice\/\",\"url\":\"https:\/\/vitamic.com\/de\/legal-notice\/\",\"name\":\"Rechtlicher Hinweis - VITAMIC.com\",\"isPartOf\":{\"@id\":\"https:\/\/vitamic.com\/de\/#website\"},\"datePublished\":\"2021-06-24T14:03:09+00:00\",\"dateModified\":\"2022-10-17T20:12:11+00:00\",\"breadcrumb\":{\"@id\":\"https:\/\/vitamic.com\/de\/legal-notice\/#breadcrumb\"},\"inLanguage\":\"de\",\"potentialAction\":[{\"@type\":\"ReadAction\",\"target\":[\"https:\/\/vitamic.com\/de\/legal-notice\/\"]}]},{\"@type\":\"BreadcrumbList\",\"@id\":\"https:\/\/vitamic.com\/de\/legal-notice\/#breadcrumb\",\"itemListElement\":[{\"@type\":\"ListItem\",\"position\":1,\"name\":\"Home\",\"item\":\"https:\/\/vitamic.com\/de\/startseite-2\/\"},{\"@type\":\"ListItem\",\"position\":2,\"name\":\"Rechtlicher Hinweis\"}]},{\"@type\":\"WebSite\",\"@id\":\"https:\/\/vitamic.com\/de\/#website\",\"url\":\"https:\/\/vitamic.com\/de\/\",\"name\":\"VITAMIC.com\",\"description\":\"Onlineshop f\u00fcr nat\u00fcrliche Nahrungserg\u00e4nzungsmittel \",\"publisher\":{\"@id\":\"https:\/\/vitamic.com\/de\/#organization\"},\"potentialAction\":[{\"@type\":\"SearchAction\",\"target\":{\"@type\":\"EntryPoint\",\"urlTemplate\":\"https:\/\/vitamic.com\/de\/?s={search_term_string}\"},\"query-input\":{\"@type\":\"PropertyValueSpecification\",\"valueRequired\":true,\"valueName\":\"search_term_string\"}}],\"inLanguage\":\"de\"},{\"@type\":\"Organization\",\"@id\":\"https:\/\/vitamic.com\/de\/#organization\",\"name\":\"Vitamic Europa\",\"url\":\"https:\/\/vitamic.com\/de\/\",\"logo\":{\"@type\":\"ImageObject\",\"inLanguage\":\"de\",\"@id\":\"https:\/\/vitamic.com\/de\/#\/schema\/logo\/image\/\",\"url\":\"https:\/\/vitamic.com\/wp-content\/uploads\/2021\/02\/vitamic_weblogo.png\",\"contentUrl\":\"https:\/\/vitamic.com\/wp-content\/uploads\/2021\/02\/vitamic_weblogo.png\",\"width\":455,\"height\":72,\"caption\":\"Vitamic Europa\"},\"image\":{\"@id\":\"https:\/\/vitamic.com\/de\/#\/schema\/logo\/image\/\"},\"sameAs\":[\"https:\/\/www.facebook.com\/vitamicdrops\",\"https:\/\/www.instagram.com\/vitamicdrops\/\",\"https:\/\/www.linkedin.com\/company\/vitamic\/\"]}]}<\/script>\n<!-- \/ Yoast SEO plugin. -->","yoast_head_json":{"title":"Rechtlicher Hinweis - VITAMIC.com","robots":{"index":"index","follow":"follow","max-snippet":"max-snippet:-1","max-image-preview":"max-image-preview:large","max-video-preview":"max-video-preview:-1"},"canonical":"https:\/\/vitamic.com\/de\/legal-notice\/","og_locale":"de_DE","og_type":"article","og_title":"Rechtlicher Hinweis - VITAMIC.com","og_description":"VITAMIC\u00ae Europe S.L., der Verantwortliche f\u00fcr die Website, im Folgenden VERANTWORTLICHER genannt, stellt den Nutzern dieses Dokument zur Verf\u00fcgung, mit dem er die im Gesetz 34\/2002 vom 11. Juli \u00fcber die Dienste der Informationsgesellschaft und den elektronischen Handel (LSSICE), BOE Nr. 166, festgelegten Verpflichtungen erf\u00fcllen und alle Nutzer der Website \u00fcber die Nutzungsbedingungen informieren will. [&hellip;]","og_url":"https:\/\/vitamic.com\/de\/legal-notice\/","og_site_name":"VITAMIC.com","article_publisher":"https:\/\/www.facebook.com\/vitamicdrops","article_modified_time":"2022-10-17T20:12:11+00:00","og_image":[{"width":800,"height":533,"url":"https:\/\/vitamic.com\/wp-content\/uploads\/2024\/03\/vitamic-avatar-dark.png","type":"image\/png"}],"twitter_card":"summary_large_image","twitter_misc":{"Gesch\u00e4tzte Lesezeit":"5\u00a0Minuten"},"schema":{"@context":"https:\/\/schema.org","@graph":[{"@type":"WebPage","@id":"https:\/\/vitamic.com\/de\/legal-notice\/","url":"https:\/\/vitamic.com\/de\/legal-notice\/","name":"Rechtlicher Hinweis - VITAMIC.com","isPartOf":{"@id":"https:\/\/vitamic.com\/de\/#website"},"datePublished":"2021-06-24T14:03:09+00:00","dateModified":"2022-10-17T20:12:11+00:00","breadcrumb":{"@id":"https:\/\/vitamic.com\/de\/legal-notice\/#breadcrumb"},"inLanguage":"de","potentialAction":[{"@type":"ReadAction","target":["https:\/\/vitamic.com\/de\/legal-notice\/"]}]},{"@type":"BreadcrumbList","@id":"https:\/\/vitamic.com\/de\/legal-notice\/#breadcrumb","itemListElement":[{"@type":"ListItem","position":1,"name":"Home","item":"https:\/\/vitamic.com\/de\/startseite-2\/"},{"@type":"ListItem","position":2,"name":"Rechtlicher Hinweis"}]},{"@type":"WebSite","@id":"https:\/\/vitamic.com\/de\/#website","url":"https:\/\/vitamic.com\/de\/","name":"VITAMIC.com","description":"Onlineshop f\u00fcr nat\u00fcrliche Nahrungserg\u00e4nzungsmittel ","publisher":{"@id":"https:\/\/vitamic.com\/de\/#organization"},"potentialAction":[{"@type":"SearchAction","target":{"@type":"EntryPoint","urlTemplate":"https:\/\/vitamic.com\/de\/?s={search_term_string}"},"query-input":{"@type":"PropertyValueSpecification","valueRequired":true,"valueName":"search_term_string"}}],"inLanguage":"de"},{"@type":"Organization","@id":"https:\/\/vitamic.com\/de\/#organization","name":"Vitamic Europa","url":"https:\/\/vitamic.com\/de\/","logo":{"@type":"ImageObject","inLanguage":"de","@id":"https:\/\/vitamic.com\/de\/#\/schema\/logo\/image\/","url":"https:\/\/vitamic.com\/wp-content\/uploads\/2021\/02\/vitamic_weblogo.png","contentUrl":"https:\/\/vitamic.com\/wp-content\/uploads\/2021\/02\/vitamic_weblogo.png","width":455,"height":72,"caption":"Vitamic Europa"},"image":{"@id":"https:\/\/vitamic.com\/de\/#\/schema\/logo\/image\/"},"sameAs":["https:\/\/www.facebook.com\/vitamicdrops","https:\/\/www.instagram.com\/vitamicdrops\/","https:\/\/www.linkedin.com\/company\/vitamic\/"]}]}},"_links":{"self":[{"href":"https:\/\/vitamic.com\/de\/wp-json\/wp\/v2\/pages\/3759","targetHints":{"allow":["GET"]}}],"collection":[{"href":"https:\/\/vitamic.com\/de\/wp-json\/wp\/v2\/pages"}],"about":[{"href":"https:\/\/vitamic.com\/de\/wp-json\/wp\/v2\/types\/page"}],"author":[{"embeddable":true,"href":"https:\/\/vitamic.com\/de\/wp-json\/wp\/v2\/users\/9"}],"replies":[{"embeddable":true,"href":"https:\/\/vitamic.com\/de\/wp-json\/wp\/v2\/comments?post=3759"}],"version-history":[{"count":9,"href":"https:\/\/vitamic.com\/de\/wp-json\/wp\/v2\/pages\/3759\/revisions"}],"predecessor-version":[{"id":10644,"href":"https:\/\/vitamic.com\/de\/wp-json\/wp\/v2\/pages\/3759\/revisions\/10644"}],"wp:attachment":[{"href":"https:\/\/vitamic.com\/de\/wp-json\/wp\/v2\/media?parent=3759"}],"curies":[{"name":"wp","href":"https:\/\/api.w.org\/{rel}","templated":true}]}}