{"id":11773,"date":"2022-12-16T23:17:46","date_gmt":"2022-12-16T22:17:46","guid":{"rendered":"https:\/\/vitamic.com\/shop\/unkategorisiert\/vitamic-zerolimits\/"},"modified":"2026-02-27T13:00:29","modified_gmt":"2026-02-27T12:00:29","slug":"vitamic-zerolimits","status":"publish","type":"product","link":"https:\/\/vitamic.com\/de\/product\/vitamic-zerolimits\/","title":{"rendered":"VITAMIC ZEROLIMITS\u00ae"},"content":{"rendered":"<p>ZEROLIMITS\u00ae ist ein nat\u00fcrliches und hoch bioverf\u00fcgbares Nahrungserg\u00e4nzungsmittel. Eine fl\u00fcssige Premium-Formel aus Curcumin, Boswellia Serrata, Vitamin C und einem Vitamin-B-Komplex. Es ist 100 % nat\u00fcrlich, vegan und wissenschaftlich \u00fcberpr\u00fcft. Dank innovativer Technologie kann dein K\u00f6rper eine Bioverf\u00fcgbarkeit von bis zu 95% erreichen.   <\/p>\n","protected":false},"excerpt":{"rendered":"<p><strong>F\u00fcr Athleten entwickelt &#8211; <\/strong>Unsere exklusiven Supplemente f\u00fcr Kraft, Ausdauer, Schnelligkeit und schnellere Erholung.<\/p>\n<p>Die Hauptinhaltsstoffe sind Curcumin und Boswellia Serrata sowie Vitamin C. Diese sind micelliert und mit einem hochwirksamen Vitamin-B-Komplex kombiniert.<\/p>\n<p><strong>ZEROLIMITS\u00ae<\/strong> verwendet nur die besten nat\u00fcrlichen Inhaltsstoffe und die neueste Wissenschaft, um deine Leistung auf das Maximum zu steigern<\/p>\n<p>&nbsp;<\/p>\n","protected":false},"featured_media":16940,"comment_status":"open","ping_status":"closed","template":"","meta":[],"product_brand":[],"product_cat":[189],"product_tag":[],"class_list":{"0":"post-11773","1":"product","2":"type-product","3":"status-publish","4":"has-post-thumbnail","6":"product_cat-zerolimits-de","8":"first","9":"instock","10":"taxable","11":"shipping-taxable","12":"purchasable","13":"product-type-simple"},"yoast_head":"<!-- This site is optimized with the Yoast SEO plugin v26.9 - https:\/\/yoast.com\/product\/yoast-seo-wordpress\/ -->\n<title>VITAMIC ZEROLIMITS\u00ae - Nat\u00fcrliches Recovery Supplement<\/title>\n<meta name=\"description\" content=\"Entdecke VITAMIC ZEROLIMITS\u00ae, das ultimative nat\u00fcrliche Supplement f\u00fcr die Recovery. Verbessere die Regeneration und das Immunsystem mit 100% nat\u00fcrlichen Inhaltsstoffen.\" \/>\n<meta name=\"robots\" content=\"index, follow, max-snippet:-1, max-image-preview:large, max-video-preview:-1\" \/>\n<link rel=\"canonical\" href=\"https:\/\/vitamic.com\/de\/product\/vitamic-zerolimits\/\" \/>\n<meta property=\"og:locale\" content=\"de_DE\" \/>\n<meta property=\"og:type\" content=\"article\" \/>\n<meta property=\"og:title\" content=\"VITAMIC ZEROLIMITS\u00ae - Nat\u00fcrliches Recovery Supplement\" \/>\n<meta property=\"og:description\" content=\"Entdecke VITAMIC ZEROLIMITS\u00ae, das ultimative nat\u00fcrliche Supplement f\u00fcr die Recovery. Verbessere die Regeneration und das Immunsystem mit 100% nat\u00fcrlichen Inhaltsstoffen.\" \/>\n<meta property=\"og:url\" content=\"https:\/\/vitamic.com\/de\/product\/vitamic-zerolimits\/\" \/>\n<meta property=\"og:site_name\" content=\"VITAMIC.com\" \/>\n<meta property=\"article:publisher\" content=\"https:\/\/www.facebook.com\/vitamicdrops\" \/>\n<meta property=\"article:modified_time\" content=\"2026-02-27T12:00:29+00:00\" \/>\n<meta property=\"og:image\" content=\"https:\/\/vitamic.com\/wp-content\/uploads\/2024\/12\/zerolimits_new_2024.webp\" \/>\n\t<meta property=\"og:image:width\" content=\"1080\" \/>\n\t<meta property=\"og:image:height\" content=\"1080\" \/>\n\t<meta property=\"og:image:type\" content=\"image\/webp\" \/>\n<meta name=\"twitter:card\" content=\"summary_large_image\" \/>\n<script type=\"application\/ld+json\" class=\"yoast-schema-graph\">{\"@context\":\"https:\/\/schema.org\",\"@graph\":[{\"@type\":\"WebPage\",\"@id\":\"https:\/\/vitamic.com\/de\/product\/vitamic-zerolimits\/\",\"url\":\"https:\/\/vitamic.com\/de\/product\/vitamic-zerolimits\/\",\"name\":\"VITAMIC ZEROLIMITS\u00ae - Nat\u00fcrliches Recovery Supplement\",\"isPartOf\":{\"@id\":\"https:\/\/vitamic.com\/de\/#website\"},\"primaryImageOfPage\":{\"@id\":\"https:\/\/vitamic.com\/de\/product\/vitamic-zerolimits\/#primaryimage\"},\"image\":{\"@id\":\"https:\/\/vitamic.com\/de\/product\/vitamic-zerolimits\/#primaryimage\"},\"thumbnailUrl\":\"https:\/\/vitamic.com\/wp-content\/uploads\/2024\/12\/zerolimits_new_2024.webp\",\"datePublished\":\"2022-12-16T22:17:46+00:00\",\"dateModified\":\"2026-02-27T12:00:29+00:00\",\"description\":\"Entdecke VITAMIC ZEROLIMITS\u00ae, das ultimative nat\u00fcrliche Supplement f\u00fcr die Recovery. Verbessere die Regeneration und das Immunsystem mit 100% nat\u00fcrlichen Inhaltsstoffen.\",\"breadcrumb\":{\"@id\":\"https:\/\/vitamic.com\/de\/product\/vitamic-zerolimits\/#breadcrumb\"},\"inLanguage\":\"de\",\"potentialAction\":[{\"@type\":\"ReadAction\",\"target\":[\"https:\/\/vitamic.com\/de\/product\/vitamic-zerolimits\/\"]}]},{\"@type\":\"ImageObject\",\"inLanguage\":\"de\",\"@id\":\"https:\/\/vitamic.com\/de\/product\/vitamic-zerolimits\/#primaryimage\",\"url\":\"https:\/\/vitamic.com\/wp-content\/uploads\/2024\/12\/zerolimits_new_2024.webp\",\"contentUrl\":\"https:\/\/vitamic.com\/wp-content\/uploads\/2024\/12\/zerolimits_new_2024.webp\",\"width\":1080,\"height\":1080},{\"@type\":\"BreadcrumbList\",\"@id\":\"https:\/\/vitamic.com\/de\/product\/vitamic-zerolimits\/#breadcrumb\",\"itemListElement\":[{\"@type\":\"ListItem\",\"position\":1,\"name\":\"Home\",\"item\":\"https:\/\/vitamic.com\/de\/startseite-2\/\"},{\"@type\":\"ListItem\",\"position\":2,\"name\":\"Produkte\",\"item\":\"https:\/\/vitamic.com\/de\/shop\/\"},{\"@type\":\"ListItem\",\"position\":3,\"name\":\"VITAMIC ZEROLIMITS\u00ae\"}]},{\"@type\":\"WebSite\",\"@id\":\"https:\/\/vitamic.com\/de\/#website\",\"url\":\"https:\/\/vitamic.com\/de\/\",\"name\":\"VITAMIC.com\",\"description\":\"Onlineshop f\u00fcr nat\u00fcrliche Nahrungserg\u00e4nzungsmittel \",\"publisher\":{\"@id\":\"https:\/\/vitamic.com\/de\/#organization\"},\"potentialAction\":[{\"@type\":\"SearchAction\",\"target\":{\"@type\":\"EntryPoint\",\"urlTemplate\":\"https:\/\/vitamic.com\/de\/?s={search_term_string}\"},\"query-input\":{\"@type\":\"PropertyValueSpecification\",\"valueRequired\":true,\"valueName\":\"search_term_string\"}}],\"inLanguage\":\"de\"},{\"@type\":\"Organization\",\"@id\":\"https:\/\/vitamic.com\/de\/#organization\",\"name\":\"Vitamic Europa\",\"url\":\"https:\/\/vitamic.com\/de\/\",\"logo\":{\"@type\":\"ImageObject\",\"inLanguage\":\"de\",\"@id\":\"https:\/\/vitamic.com\/de\/#\/schema\/logo\/image\/\",\"url\":\"https:\/\/vitamic.com\/wp-content\/uploads\/2021\/02\/vitamic_weblogo.png\",\"contentUrl\":\"https:\/\/vitamic.com\/wp-content\/uploads\/2021\/02\/vitamic_weblogo.png\",\"width\":455,\"height\":72,\"caption\":\"Vitamic Europa\"},\"image\":{\"@id\":\"https:\/\/vitamic.com\/de\/#\/schema\/logo\/image\/\"},\"sameAs\":[\"https:\/\/www.facebook.com\/vitamicdrops\",\"https:\/\/www.instagram.com\/vitamicdrops\/\",\"https:\/\/www.linkedin.com\/company\/vitamic\/\"]}]}<\/script>\n<!-- \/ Yoast SEO plugin. -->","yoast_head_json":{"title":"VITAMIC ZEROLIMITS\u00ae - Nat\u00fcrliches Recovery Supplement","description":"Entdecke VITAMIC ZEROLIMITS\u00ae, das ultimative nat\u00fcrliche Supplement f\u00fcr die Recovery. Verbessere die Regeneration und das Immunsystem mit 100% nat\u00fcrlichen Inhaltsstoffen.","robots":{"index":"index","follow":"follow","max-snippet":"max-snippet:-1","max-image-preview":"max-image-preview:large","max-video-preview":"max-video-preview:-1"},"canonical":"https:\/\/vitamic.com\/de\/product\/vitamic-zerolimits\/","og_locale":"de_DE","og_type":"article","og_title":"VITAMIC ZEROLIMITS\u00ae - Nat\u00fcrliches Recovery Supplement","og_description":"Entdecke VITAMIC ZEROLIMITS\u00ae, das ultimative nat\u00fcrliche Supplement f\u00fcr die Recovery. Verbessere die Regeneration und das Immunsystem mit 100% nat\u00fcrlichen Inhaltsstoffen.","og_url":"https:\/\/vitamic.com\/de\/product\/vitamic-zerolimits\/","og_site_name":"VITAMIC.com","article_publisher":"https:\/\/www.facebook.com\/vitamicdrops","article_modified_time":"2026-02-27T12:00:29+00:00","og_image":[{"width":1080,"height":1080,"url":"https:\/\/vitamic.com\/wp-content\/uploads\/2024\/12\/zerolimits_new_2024.webp","type":"image\/webp"}],"twitter_card":"summary_large_image","schema":{"@context":"https:\/\/schema.org","@graph":[{"@type":"WebPage","@id":"https:\/\/vitamic.com\/de\/product\/vitamic-zerolimits\/","url":"https:\/\/vitamic.com\/de\/product\/vitamic-zerolimits\/","name":"VITAMIC ZEROLIMITS\u00ae - Nat\u00fcrliches Recovery Supplement","isPartOf":{"@id":"https:\/\/vitamic.com\/de\/#website"},"primaryImageOfPage":{"@id":"https:\/\/vitamic.com\/de\/product\/vitamic-zerolimits\/#primaryimage"},"image":{"@id":"https:\/\/vitamic.com\/de\/product\/vitamic-zerolimits\/#primaryimage"},"thumbnailUrl":"https:\/\/vitamic.com\/wp-content\/uploads\/2024\/12\/zerolimits_new_2024.webp","datePublished":"2022-12-16T22:17:46+00:00","dateModified":"2026-02-27T12:00:29+00:00","description":"Entdecke VITAMIC ZEROLIMITS\u00ae, das ultimative nat\u00fcrliche Supplement f\u00fcr die Recovery. Verbessere die Regeneration und das Immunsystem mit 100% nat\u00fcrlichen Inhaltsstoffen.","breadcrumb":{"@id":"https:\/\/vitamic.com\/de\/product\/vitamic-zerolimits\/#breadcrumb"},"inLanguage":"de","potentialAction":[{"@type":"ReadAction","target":["https:\/\/vitamic.com\/de\/product\/vitamic-zerolimits\/"]}]},{"@type":"ImageObject","inLanguage":"de","@id":"https:\/\/vitamic.com\/de\/product\/vitamic-zerolimits\/#primaryimage","url":"https:\/\/vitamic.com\/wp-content\/uploads\/2024\/12\/zerolimits_new_2024.webp","contentUrl":"https:\/\/vitamic.com\/wp-content\/uploads\/2024\/12\/zerolimits_new_2024.webp","width":1080,"height":1080},{"@type":"BreadcrumbList","@id":"https:\/\/vitamic.com\/de\/product\/vitamic-zerolimits\/#breadcrumb","itemListElement":[{"@type":"ListItem","position":1,"name":"Home","item":"https:\/\/vitamic.com\/de\/startseite-2\/"},{"@type":"ListItem","position":2,"name":"Produkte","item":"https:\/\/vitamic.com\/de\/shop\/"},{"@type":"ListItem","position":3,"name":"VITAMIC ZEROLIMITS\u00ae"}]},{"@type":"WebSite","@id":"https:\/\/vitamic.com\/de\/#website","url":"https:\/\/vitamic.com\/de\/","name":"VITAMIC.com","description":"Onlineshop f\u00fcr nat\u00fcrliche Nahrungserg\u00e4nzungsmittel ","publisher":{"@id":"https:\/\/vitamic.com\/de\/#organization"},"potentialAction":[{"@type":"SearchAction","target":{"@type":"EntryPoint","urlTemplate":"https:\/\/vitamic.com\/de\/?s={search_term_string}"},"query-input":{"@type":"PropertyValueSpecification","valueRequired":true,"valueName":"search_term_string"}}],"inLanguage":"de"},{"@type":"Organization","@id":"https:\/\/vitamic.com\/de\/#organization","name":"Vitamic Europa","url":"https:\/\/vitamic.com\/de\/","logo":{"@type":"ImageObject","inLanguage":"de","@id":"https:\/\/vitamic.com\/de\/#\/schema\/logo\/image\/","url":"https:\/\/vitamic.com\/wp-content\/uploads\/2021\/02\/vitamic_weblogo.png","contentUrl":"https:\/\/vitamic.com\/wp-content\/uploads\/2021\/02\/vitamic_weblogo.png","width":455,"height":72,"caption":"Vitamic Europa"},"image":{"@id":"https:\/\/vitamic.com\/de\/#\/schema\/logo\/image\/"},"sameAs":["https:\/\/www.facebook.com\/vitamicdrops","https:\/\/www.instagram.com\/vitamicdrops\/","https:\/\/www.linkedin.com\/company\/vitamic\/"]}]}},"_links":{"self":[{"href":"https:\/\/vitamic.com\/de\/wp-json\/wp\/v2\/product\/11773","targetHints":{"allow":["GET"]}}],"collection":[{"href":"https:\/\/vitamic.com\/de\/wp-json\/wp\/v2\/product"}],"about":[{"href":"https:\/\/vitamic.com\/de\/wp-json\/wp\/v2\/types\/product"}],"replies":[{"embeddable":true,"href":"https:\/\/vitamic.com\/de\/wp-json\/wp\/v2\/comments?post=11773"}],"version-history":[{"count":10,"href":"https:\/\/vitamic.com\/de\/wp-json\/wp\/v2\/product\/11773\/revisions"}],"predecessor-version":[{"id":18966,"href":"https:\/\/vitamic.com\/de\/wp-json\/wp\/v2\/product\/11773\/revisions\/18966"}],"wp:featuredmedia":[{"embeddable":true,"href":"https:\/\/vitamic.com\/de\/wp-json\/wp\/v2\/media\/16940"}],"wp:attachment":[{"href":"https:\/\/vitamic.com\/de\/wp-json\/wp\/v2\/media?parent=11773"}],"wp:term":[{"taxonomy":"product_brand","embeddable":true,"href":"https:\/\/vitamic.com\/de\/wp-json\/wp\/v2\/product_brand?post=11773"},{"taxonomy":"product_cat","embeddable":true,"href":"https:\/\/vitamic.com\/de\/wp-json\/wp\/v2\/product_cat?post=11773"},{"taxonomy":"product_tag","embeddable":true,"href":"https:\/\/vitamic.com\/de\/wp-json\/wp\/v2\/product_tag?post=11773"}],"curies":[{"name":"wp","href":"https:\/\/api.w.org\/{rel}","templated":true}]}}