{"id":18930,"date":"2025-07-31T09:59:21","date_gmt":"2025-07-31T07:59:21","guid":{"rendered":"https:\/\/vitamic.com\/?post_type=product&#038;p=18930"},"modified":"2026-02-27T13:00:23","modified_gmt":"2026-02-27T12:00:23","slug":"vitamic-biosen-copy","status":"publish","type":"product","link":"https:\/\/vitamic.com\/de\/product\/vitamic-biosen-copy\/","title":{"rendered":"VITAMIC BIOSEN\u00ae Abonnement"},"content":{"rendered":"<h5>VITAMIC BIOSEN\u00ae &#8211; HOHE BIOVERF\u00dcGBARKEIT, \u00dcBER 95%<\/h5>\n<p>VITAMIC BIOSEN\u00ae ist ein nat\u00fcrliches Nahrungserg\u00e4nzungsmittel in fl\u00fcssiger Form auf Basis von Kurkuma- und Boswellia Serrata-Extrakt und Vitamin C. Dieses Produkt wurde f\u00fcr eine maximale Aufnahme durch den K\u00f6rper entwickelt.<\/p>\n<h5>WAS SIND DIE VORTEILE VON VITAMIC BIOSEN\u00ae?<\/h5>\n<p>Die Formel dieses Nahrungserg\u00e4nzungsmittels wurde entwickelt, um die Absorption seiner Bestandteile durch Mizellisierung zu optimieren, mit einer Bioverf\u00fcgbarkeit von \u00fcber 95 %, und ist damit anderen \u00e4hnlichen Produkten weit \u00fcberlegen.<\/p>\n<h6>Hauptmerkmale:<\/h6>\n<ul>\n<li>Optimiert durch Mizellierung<\/li>\n<li>Bioverf\u00fcgbarkeit \u00fcber 95%<\/li>\n<li>Entwickelt und produziert in der Schweiz<\/li>\n<li>Maximale Wirksamkeit bei reduzierter Dosis<\/li>\n<li>Hohe zellul\u00e4re Aufnahme und Resorption<\/li>\n<li>Sicher ausgeschieden, wenn vom K\u00f6rper verwendet<\/li>\n<li>Wirksam, aber ohne Nebenwirkungen<\/li>\n<li>Nat\u00fcrliches Nahrungserg\u00e4nzungsmittel. Pflanzlich und vegan.<\/li>\n<li>Rein &#8211; Nat\u00fcrlich &#8211; Effektiv.<\/li>\n<\/ul>\n<h5>WIE MAN VITAMIC BIOSEN\u00ae EINNIMMT<\/h5>\n<p>Zweimal t\u00e4glich 10 Tropfen in ein etwas Wasser, Saft oder Tee geben. 20-30 Minuten vor den Mahlzeiten.<\/p>\n<h5>EMPFOHLENE TAGESDOSIS:<\/h5>\n<p>20 Tropfen (1 ml).<\/p>\n<h5>NETTO-INHALT:<\/h5>\n<p>30ml<\/p>\n<h5>ZUTATEN <small>(pro 1 ml)<\/small><\/h5>\n<p>Wasser, nat\u00fcrliches Konservierungsmittel (Glycerin), Emulgator (SOJA-Lecithin), L-Arginin 69,7 mg, L-Ascorbins\u00e4ure (Vitamin C) 60 mg 75%*, Emulgator (Fetts\u00e4uren), mittelkettige Triglyceride (MCT) 50 mg, Curcuma Longa Extrakt (Curcuma Longa, Wurzel) 20 mg, Boswellia Serrata Extrakt (Boswellia Serrata, Harz) 15 mg, Verdickungsmittel (Gummi Arabicum).<\/p>\n<p><strong> <em>*NRV: N\u00e4hrstoff-Referenzwerte<\/em><\/strong><\/p>\n<h5>HINWEISE<\/h5>\n<p>Bei Leber- oder Gallenfunktionsst\u00f6rungen wird die Einnahme nicht empfohlen. \u00dcberschreiten Sie nicht die ausdr\u00fccklich empfohlene Tagesdosis. Au\u00dferhalb der Reichweite von Kleinkindern aufbewahren. Befragen Sie vor der Einnahme dieses Produkts Ihren Arzt Nicht empfohlen f\u00fcr Personen, die mit Antikoagulantien behandelt werden. Bei Leber- oder Gallenfunktionsst\u00f6rungen wird die Einnahme nicht empfohlen.<\/p>\n<h5>LAGERUNG:<\/h5>\n<p>K\u00fchl und trocken lagern.<\/p>\n","protected":false},"excerpt":{"rendered":"<p><strong>VITAMIC BIOSEN\u00ae<\/strong> ist ein Nahrungserg\u00e4nzungsmittel in fl\u00fcssiger Form mit einer revolution\u00e4ren und ultra-potenten Drei-Phasen-Mischung. Es enth\u00e4lt Kurkuma, Weihrauch und Vitamin C. Vollst\u00e4ndig wasserl\u00f6slich und mit einer Bioverf\u00fcgbarkeit von \u00fcber 95%.<\/p>\n<ul>\n<li>Entwickelt und produziert in der Schweiz<\/li>\n<li>Maximale Wirkung bei reduzierter Dosis<\/li>\n<li>Hohe zellul\u00e4re Aufnahme und Resorption<\/li>\n<li>Rein. Nat\u00fcrlich. Wirksam.<\/li>\n<\/ul>\n","protected":false},"featured_media":17877,"comment_status":"open","ping_status":"closed","template":"","meta":[],"product_brand":[],"product_cat":[182],"product_tag":[],"class_list":{"0":"post-18930","1":"product","2":"type-product","3":"status-publish","4":"has-post-thumbnail","6":"product_cat-vitamic-originals-de","8":"first","9":"instock","10":"taxable","11":"shipping-taxable","12":"purchasable","13":"product-type-variable-subscription"},"yoast_head":"<!-- This site is optimized with the Yoast SEO plugin v26.9 - https:\/\/yoast.com\/product\/yoast-seo-wordpress\/ -->\n<title>VITAMIC BIOSEN\u00ae Abonnement - VITAMIC.com - Onlineshop f\u00fcr nat\u00fcrliche Nahrungserg\u00e4nzungsmittel<\/title>\n<meta name=\"description\" content=\"Nat\u00fcrliches Nahrungserg\u00e4nzungsmittel in fl\u00fcssiger Form mit Kurkuma, Olibanum und Vitamin C. Wasserl\u00f6slich und mit einer Bioverf\u00fcgbarkeit von \u00fcber 95%.\" \/>\n<meta name=\"robots\" content=\"index, follow, max-snippet:-1, max-image-preview:large, max-video-preview:-1\" \/>\n<link rel=\"canonical\" href=\"https:\/\/vitamic.com\/de\/product\/vitamic-biosen-copy\/\" \/>\n<meta property=\"og:locale\" content=\"de_DE\" \/>\n<meta property=\"og:type\" content=\"article\" \/>\n<meta property=\"og:title\" content=\"VITAMIC BIOSEN\u00ae Abonnement - VITAMIC.com - Onlineshop f\u00fcr nat\u00fcrliche Nahrungserg\u00e4nzungsmittel\" \/>\n<meta property=\"og:description\" content=\"Nat\u00fcrliches Nahrungserg\u00e4nzungsmittel in fl\u00fcssiger Form mit Kurkuma, Olibanum und Vitamin C. Wasserl\u00f6slich und mit einer Bioverf\u00fcgbarkeit von \u00fcber 95%.\" \/>\n<meta property=\"og:url\" content=\"https:\/\/vitamic.com\/de\/product\/vitamic-biosen-copy\/\" \/>\n<meta property=\"og:site_name\" content=\"VITAMIC.com\" \/>\n<meta property=\"article:publisher\" content=\"https:\/\/www.facebook.com\/vitamicdrops\" \/>\n<meta property=\"article:modified_time\" content=\"2026-02-27T12:00:23+00:00\" \/>\n<meta property=\"og:image\" content=\"https:\/\/vitamic.com\/wp-content\/uploads\/2021\/07\/biosen_new_2025.webp\" \/>\n\t<meta property=\"og:image:width\" content=\"1080\" \/>\n\t<meta property=\"og:image:height\" content=\"1080\" \/>\n\t<meta property=\"og:image:type\" content=\"image\/webp\" \/>\n<meta name=\"twitter:card\" content=\"summary_large_image\" \/>\n<meta name=\"twitter:label1\" content=\"Gesch\u00e4tzte Lesezeit\" \/>\n\t<meta name=\"twitter:data1\" content=\"1\u00a0Minute\" \/>\n<script type=\"application\/ld+json\" class=\"yoast-schema-graph\">{\"@context\":\"https:\/\/schema.org\",\"@graph\":[{\"@type\":\"WebPage\",\"@id\":\"https:\/\/vitamic.com\/de\/product\/vitamic-biosen-copy\/\",\"url\":\"https:\/\/vitamic.com\/de\/product\/vitamic-biosen-copy\/\",\"name\":\"VITAMIC BIOSEN\u00ae Abonnement - VITAMIC.com - Onlineshop f\u00fcr nat\u00fcrliche Nahrungserg\u00e4nzungsmittel\",\"isPartOf\":{\"@id\":\"https:\/\/vitamic.com\/de\/#website\"},\"primaryImageOfPage\":{\"@id\":\"https:\/\/vitamic.com\/de\/product\/vitamic-biosen-copy\/#primaryimage\"},\"image\":{\"@id\":\"https:\/\/vitamic.com\/de\/product\/vitamic-biosen-copy\/#primaryimage\"},\"thumbnailUrl\":\"https:\/\/vitamic.com\/wp-content\/uploads\/2021\/07\/biosen_new_2025.webp\",\"datePublished\":\"2025-07-31T07:59:21+00:00\",\"dateModified\":\"2026-02-27T12:00:23+00:00\",\"description\":\"Nat\u00fcrliches Nahrungserg\u00e4nzungsmittel in fl\u00fcssiger Form mit Kurkuma, Olibanum und Vitamin C. Wasserl\u00f6slich und mit einer Bioverf\u00fcgbarkeit von \u00fcber 95%.\",\"breadcrumb\":{\"@id\":\"https:\/\/vitamic.com\/de\/product\/vitamic-biosen-copy\/#breadcrumb\"},\"inLanguage\":\"de\",\"potentialAction\":[{\"@type\":\"ReadAction\",\"target\":[\"https:\/\/vitamic.com\/de\/product\/vitamic-biosen-copy\/\"]}]},{\"@type\":\"ImageObject\",\"inLanguage\":\"de\",\"@id\":\"https:\/\/vitamic.com\/de\/product\/vitamic-biosen-copy\/#primaryimage\",\"url\":\"https:\/\/vitamic.com\/wp-content\/uploads\/2021\/07\/biosen_new_2025.webp\",\"contentUrl\":\"https:\/\/vitamic.com\/wp-content\/uploads\/2021\/07\/biosen_new_2025.webp\",\"width\":1080,\"height\":1080},{\"@type\":\"BreadcrumbList\",\"@id\":\"https:\/\/vitamic.com\/de\/product\/vitamic-biosen-copy\/#breadcrumb\",\"itemListElement\":[{\"@type\":\"ListItem\",\"position\":1,\"name\":\"Home\",\"item\":\"https:\/\/vitamic.com\/de\/startseite-2\/\"},{\"@type\":\"ListItem\",\"position\":2,\"name\":\"Produkte\",\"item\":\"https:\/\/vitamic.com\/de\/shop\/\"},{\"@type\":\"ListItem\",\"position\":3,\"name\":\"VITAMIC BIOSEN\u00ae Abonnement\"}]},{\"@type\":\"WebSite\",\"@id\":\"https:\/\/vitamic.com\/de\/#website\",\"url\":\"https:\/\/vitamic.com\/de\/\",\"name\":\"VITAMIC.com\",\"description\":\"Onlineshop f\u00fcr nat\u00fcrliche Nahrungserg\u00e4nzungsmittel \",\"publisher\":{\"@id\":\"https:\/\/vitamic.com\/de\/#organization\"},\"potentialAction\":[{\"@type\":\"SearchAction\",\"target\":{\"@type\":\"EntryPoint\",\"urlTemplate\":\"https:\/\/vitamic.com\/de\/?s={search_term_string}\"},\"query-input\":{\"@type\":\"PropertyValueSpecification\",\"valueRequired\":true,\"valueName\":\"search_term_string\"}}],\"inLanguage\":\"de\"},{\"@type\":\"Organization\",\"@id\":\"https:\/\/vitamic.com\/de\/#organization\",\"name\":\"Vitamic Europa\",\"url\":\"https:\/\/vitamic.com\/de\/\",\"logo\":{\"@type\":\"ImageObject\",\"inLanguage\":\"de\",\"@id\":\"https:\/\/vitamic.com\/de\/#\/schema\/logo\/image\/\",\"url\":\"https:\/\/vitamic.com\/wp-content\/uploads\/2021\/02\/vitamic_weblogo.png\",\"contentUrl\":\"https:\/\/vitamic.com\/wp-content\/uploads\/2021\/02\/vitamic_weblogo.png\",\"width\":455,\"height\":72,\"caption\":\"Vitamic Europa\"},\"image\":{\"@id\":\"https:\/\/vitamic.com\/de\/#\/schema\/logo\/image\/\"},\"sameAs\":[\"https:\/\/www.facebook.com\/vitamicdrops\",\"https:\/\/www.instagram.com\/vitamicdrops\/\",\"https:\/\/www.linkedin.com\/company\/vitamic\/\"]}]}<\/script>\n<!-- \/ Yoast SEO plugin. -->","yoast_head_json":{"title":"VITAMIC BIOSEN\u00ae Abonnement - VITAMIC.com - Onlineshop f\u00fcr nat\u00fcrliche Nahrungserg\u00e4nzungsmittel","description":"Nat\u00fcrliches Nahrungserg\u00e4nzungsmittel in fl\u00fcssiger Form mit Kurkuma, Olibanum und Vitamin C. Wasserl\u00f6slich und mit einer Bioverf\u00fcgbarkeit von \u00fcber 95%.","robots":{"index":"index","follow":"follow","max-snippet":"max-snippet:-1","max-image-preview":"max-image-preview:large","max-video-preview":"max-video-preview:-1"},"canonical":"https:\/\/vitamic.com\/de\/product\/vitamic-biosen-copy\/","og_locale":"de_DE","og_type":"article","og_title":"VITAMIC BIOSEN\u00ae Abonnement - VITAMIC.com - Onlineshop f\u00fcr nat\u00fcrliche Nahrungserg\u00e4nzungsmittel","og_description":"Nat\u00fcrliches Nahrungserg\u00e4nzungsmittel in fl\u00fcssiger Form mit Kurkuma, Olibanum und Vitamin C. Wasserl\u00f6slich und mit einer Bioverf\u00fcgbarkeit von \u00fcber 95%.","og_url":"https:\/\/vitamic.com\/de\/product\/vitamic-biosen-copy\/","og_site_name":"VITAMIC.com","article_publisher":"https:\/\/www.facebook.com\/vitamicdrops","article_modified_time":"2026-02-27T12:00:23+00:00","og_image":[{"width":1080,"height":1080,"url":"https:\/\/vitamic.com\/wp-content\/uploads\/2021\/07\/biosen_new_2025.webp","type":"image\/webp"}],"twitter_card":"summary_large_image","twitter_misc":{"Gesch\u00e4tzte Lesezeit":"1\u00a0Minute"},"schema":{"@context":"https:\/\/schema.org","@graph":[{"@type":"WebPage","@id":"https:\/\/vitamic.com\/de\/product\/vitamic-biosen-copy\/","url":"https:\/\/vitamic.com\/de\/product\/vitamic-biosen-copy\/","name":"VITAMIC BIOSEN\u00ae Abonnement - VITAMIC.com - Onlineshop f\u00fcr nat\u00fcrliche Nahrungserg\u00e4nzungsmittel","isPartOf":{"@id":"https:\/\/vitamic.com\/de\/#website"},"primaryImageOfPage":{"@id":"https:\/\/vitamic.com\/de\/product\/vitamic-biosen-copy\/#primaryimage"},"image":{"@id":"https:\/\/vitamic.com\/de\/product\/vitamic-biosen-copy\/#primaryimage"},"thumbnailUrl":"https:\/\/vitamic.com\/wp-content\/uploads\/2021\/07\/biosen_new_2025.webp","datePublished":"2025-07-31T07:59:21+00:00","dateModified":"2026-02-27T12:00:23+00:00","description":"Nat\u00fcrliches Nahrungserg\u00e4nzungsmittel in fl\u00fcssiger Form mit Kurkuma, Olibanum und Vitamin C. Wasserl\u00f6slich und mit einer Bioverf\u00fcgbarkeit von \u00fcber 95%.","breadcrumb":{"@id":"https:\/\/vitamic.com\/de\/product\/vitamic-biosen-copy\/#breadcrumb"},"inLanguage":"de","potentialAction":[{"@type":"ReadAction","target":["https:\/\/vitamic.com\/de\/product\/vitamic-biosen-copy\/"]}]},{"@type":"ImageObject","inLanguage":"de","@id":"https:\/\/vitamic.com\/de\/product\/vitamic-biosen-copy\/#primaryimage","url":"https:\/\/vitamic.com\/wp-content\/uploads\/2021\/07\/biosen_new_2025.webp","contentUrl":"https:\/\/vitamic.com\/wp-content\/uploads\/2021\/07\/biosen_new_2025.webp","width":1080,"height":1080},{"@type":"BreadcrumbList","@id":"https:\/\/vitamic.com\/de\/product\/vitamic-biosen-copy\/#breadcrumb","itemListElement":[{"@type":"ListItem","position":1,"name":"Home","item":"https:\/\/vitamic.com\/de\/startseite-2\/"},{"@type":"ListItem","position":2,"name":"Produkte","item":"https:\/\/vitamic.com\/de\/shop\/"},{"@type":"ListItem","position":3,"name":"VITAMIC BIOSEN\u00ae Abonnement"}]},{"@type":"WebSite","@id":"https:\/\/vitamic.com\/de\/#website","url":"https:\/\/vitamic.com\/de\/","name":"VITAMIC.com","description":"Onlineshop f\u00fcr nat\u00fcrliche Nahrungserg\u00e4nzungsmittel ","publisher":{"@id":"https:\/\/vitamic.com\/de\/#organization"},"potentialAction":[{"@type":"SearchAction","target":{"@type":"EntryPoint","urlTemplate":"https:\/\/vitamic.com\/de\/?s={search_term_string}"},"query-input":{"@type":"PropertyValueSpecification","valueRequired":true,"valueName":"search_term_string"}}],"inLanguage":"de"},{"@type":"Organization","@id":"https:\/\/vitamic.com\/de\/#organization","name":"Vitamic Europa","url":"https:\/\/vitamic.com\/de\/","logo":{"@type":"ImageObject","inLanguage":"de","@id":"https:\/\/vitamic.com\/de\/#\/schema\/logo\/image\/","url":"https:\/\/vitamic.com\/wp-content\/uploads\/2021\/02\/vitamic_weblogo.png","contentUrl":"https:\/\/vitamic.com\/wp-content\/uploads\/2021\/02\/vitamic_weblogo.png","width":455,"height":72,"caption":"Vitamic Europa"},"image":{"@id":"https:\/\/vitamic.com\/de\/#\/schema\/logo\/image\/"},"sameAs":["https:\/\/www.facebook.com\/vitamicdrops","https:\/\/www.instagram.com\/vitamicdrops\/","https:\/\/www.linkedin.com\/company\/vitamic\/"]}]}},"_links":{"self":[{"href":"https:\/\/vitamic.com\/de\/wp-json\/wp\/v2\/product\/18930","targetHints":{"allow":["GET"]}}],"collection":[{"href":"https:\/\/vitamic.com\/de\/wp-json\/wp\/v2\/product"}],"about":[{"href":"https:\/\/vitamic.com\/de\/wp-json\/wp\/v2\/types\/product"}],"replies":[{"embeddable":true,"href":"https:\/\/vitamic.com\/de\/wp-json\/wp\/v2\/comments?post=18930"}],"version-history":[{"count":2,"href":"https:\/\/vitamic.com\/de\/wp-json\/wp\/v2\/product\/18930\/revisions"}],"predecessor-version":[{"id":18941,"href":"https:\/\/vitamic.com\/de\/wp-json\/wp\/v2\/product\/18930\/revisions\/18941"}],"wp:featuredmedia":[{"embeddable":true,"href":"https:\/\/vitamic.com\/de\/wp-json\/wp\/v2\/media\/17877"}],"wp:attachment":[{"href":"https:\/\/vitamic.com\/de\/wp-json\/wp\/v2\/media?parent=18930"}],"wp:term":[{"taxonomy":"product_brand","embeddable":true,"href":"https:\/\/vitamic.com\/de\/wp-json\/wp\/v2\/product_brand?post=18930"},{"taxonomy":"product_cat","embeddable":true,"href":"https:\/\/vitamic.com\/de\/wp-json\/wp\/v2\/product_cat?post=18930"},{"taxonomy":"product_tag","embeddable":true,"href":"https:\/\/vitamic.com\/de\/wp-json\/wp\/v2\/product_tag?post=18930"}],"curies":[{"name":"wp","href":"https:\/\/api.w.org\/{rel}","templated":true}]}}